{"id":248,"date":"2011-02-03T10:41:39","date_gmt":"2011-02-03T09:41:39","guid":{"rendered":"https:\/\/www.nobelpool.be\/"},"modified":"2020-01-23T16:30:40","modified_gmt":"2020-01-23T15:30:40","slug":"home-3","status":"publish","type":"page","link":"https:\/\/nobelpool.be\/fr\/","title":{"rendered":"Home"},"content":{"rendered":"<p class=\"intro\">Des solutions solides et durables, de toute premi\u00e8re qualit\u00e9&nbsp;!<\/p>\n<p>Avec plus de 40 ans d&rsquo;exp\u00e9rience dans la construction de piscines traditionnelles, l&rsquo;\u00e9quipe d&rsquo;experts de NobelPool prendra en charge l&rsquo;ensemble de votre projet, de la demande de permis de construire au&nbsp;<a href=\"https:\/\/www.nobelpool.be\/nobel-cleaning-3\/formules-dentretien\/?lang=fr\"><strong>contrat d\u2019entretien<\/strong><\/a>.<\/p>\n<p>Chez Nobel Pool, vous b\u00e9n\u00e9ficiez d\u2019un seul interlocuteur fiable, qui vous accompagne tout au long de votre projet. Vous pouvez compter sur un partenaire <strong>s\u00e9rieux qui vous garantit des solutions de premi\u00e8re qualit\u00e9<\/strong>, des solutions solides et durables pour votre piscine.<\/p>\n<p>Notre entreprise est active en Flandre, \u00e0 Overijse, Hoeilaart, Tervuren, Crainhem, Wezembeek-Oppem, Schilde, Brasschaat, Bruges, Gand, Anvers, Knokke-Heist, Le Coq, Coxyde, Courtrai, Maldegem, entre autres.<\/p>\n","protected":false},"excerpt":{"rendered":"<p>Des solutions solides et durables, de toute premi\u00e8re qualit\u00e9&nbsp;! Avec plus de 40 ans d&rsquo;exp\u00e9rience dans la construction de piscines traditionnelles, l&rsquo;\u00e9quipe d&rsquo;experts de NobelPool prendra en charge l&rsquo;ensemble de votre projet, de la demande de permis de construire au&nbsp;contrat d\u2019entretien. Chez Nobel Pool, vous b\u00e9n\u00e9ficiez d\u2019un seul interlocuteur fiable, qui vous accompagne tout au [&hellip;]<\/p>\n","protected":false},"author":1,"featured_media":0,"parent":0,"menu_order":0,"comment_status":"open","ping_status":"closed","template":"","meta":{"ngg_post_thumbnail":0,"footnotes":"","_links_to":"","_links_to_target":""},"class_list":["post-248","page","type-page","status-publish","hentry"],"yoast_head":"<!-- This site is optimized with the Yoast SEO plugin v27.4 - https:\/\/yoast.com\/product\/yoast-seo-wordpress\/ -->\n<title>Home - Nobel Pool<\/title>\n<meta name=\"robots\" content=\"index, follow, max-snippet:-1, max-image-preview:large, max-video-preview:-1\" \/>\n<link rel=\"canonical\" href=\"https:\/\/nobelpool.be\/fr\/\" \/>\n<meta property=\"og:locale\" content=\"fr_FR\" \/>\n<meta property=\"og:type\" content=\"article\" \/>\n<meta property=\"og:title\" content=\"Home - Nobel Pool\" \/>\n<meta property=\"og:description\" content=\"Des solutions solides et durables, de toute premi\u00e8re qualit\u00e9&nbsp;! Avec plus de 40 ans d&rsquo;exp\u00e9rience dans la construction de piscines traditionnelles, l&rsquo;\u00e9quipe d&rsquo;experts de NobelPool prendra en charge l&rsquo;ensemble de votre projet, de la demande de permis de construire au&nbsp;contrat d\u2019entretien. Chez Nobel Pool, vous b\u00e9n\u00e9ficiez d\u2019un seul interlocuteur fiable, qui vous accompagne tout au [&hellip;]\" \/>\n<meta property=\"og:url\" content=\"https:\/\/nobelpool.be\/fr\/\" \/>\n<meta property=\"og:site_name\" content=\"Nobel Pool\" \/>\n<meta property=\"article:modified_time\" content=\"2020-01-23T15:30:40+00:00\" \/>\n<meta name=\"twitter:label1\" content=\"Dur\u00e9e de lecture estim\u00e9e\" \/>\n\t<meta name=\"twitter:data1\" content=\"1 minute\" \/>\n<script type=\"application\/ld+json\" class=\"yoast-schema-graph\">{\"@context\":\"https:\\\/\\\/schema.org\",\"@graph\":[{\"@type\":\"WebPage\",\"@id\":\"https:\\\/\\\/nobelpool.be\\\/fr\\\/\",\"url\":\"https:\\\/\\\/nobelpool.be\\\/fr\\\/\",\"name\":\"Home - Nobel Pool\",\"isPartOf\":{\"@id\":\"https:\\\/\\\/nobelpool.be\\\/#website\"},\"datePublished\":\"2011-02-03T09:41:39+00:00\",\"dateModified\":\"2020-01-23T15:30:40+00:00\",\"breadcrumb\":{\"@id\":\"https:\\\/\\\/nobelpool.be\\\/fr\\\/#breadcrumb\"},\"inLanguage\":\"fr-FR\",\"potentialAction\":[{\"@type\":\"ReadAction\",\"target\":[\"https:\\\/\\\/nobelpool.be\\\/fr\\\/\"]}]},{\"@type\":\"BreadcrumbList\",\"@id\":\"https:\\\/\\\/nobelpool.be\\\/fr\\\/#breadcrumb\",\"itemListElement\":[{\"@type\":\"ListItem\",\"position\":1,\"name\":\"Home\",\"item\":\"https:\\\/\\\/nobelpool.be\\\/fr\\\/\"},{\"@type\":\"ListItem\",\"position\":2,\"name\":\"Home\"}]},{\"@type\":\"WebSite\",\"@id\":\"https:\\\/\\\/nobelpool.be\\\/#website\",\"url\":\"https:\\\/\\\/nobelpool.be\\\/\",\"name\":\"Nobel Pool\",\"description\":\"Construct, Cleaning, Garden\",\"potentialAction\":[{\"@type\":\"SearchAction\",\"target\":{\"@type\":\"EntryPoint\",\"urlTemplate\":\"https:\\\/\\\/nobelpool.be\\\/?s={search_term_string}\"},\"query-input\":{\"@type\":\"PropertyValueSpecification\",\"valueRequired\":true,\"valueName\":\"search_term_string\"}}],\"inLanguage\":\"fr-FR\"}]}<\/script>\n<!-- \/ Yoast SEO plugin. -->","yoast_head_json":{"title":"Home - Nobel Pool","robots":{"index":"index","follow":"follow","max-snippet":"max-snippet:-1","max-image-preview":"max-image-preview:large","max-video-preview":"max-video-preview:-1"},"canonical":"https:\/\/nobelpool.be\/fr\/","og_locale":"fr_FR","og_type":"article","og_title":"Home - Nobel Pool","og_description":"Des solutions solides et durables, de toute premi\u00e8re qualit\u00e9&nbsp;! Avec plus de 40 ans d&rsquo;exp\u00e9rience dans la construction de piscines traditionnelles, l&rsquo;\u00e9quipe d&rsquo;experts de NobelPool prendra en charge l&rsquo;ensemble de votre projet, de la demande de permis de construire au&nbsp;contrat d\u2019entretien. Chez Nobel Pool, vous b\u00e9n\u00e9ficiez d\u2019un seul interlocuteur fiable, qui vous accompagne tout au [&hellip;]","og_url":"https:\/\/nobelpool.be\/fr\/","og_site_name":"Nobel Pool","article_modified_time":"2020-01-23T15:30:40+00:00","twitter_misc":{"Dur\u00e9e de lecture estim\u00e9e":"1 minute"},"schema":{"@context":"https:\/\/schema.org","@graph":[{"@type":"WebPage","@id":"https:\/\/nobelpool.be\/fr\/","url":"https:\/\/nobelpool.be\/fr\/","name":"Home - Nobel Pool","isPartOf":{"@id":"https:\/\/nobelpool.be\/#website"},"datePublished":"2011-02-03T09:41:39+00:00","dateModified":"2020-01-23T15:30:40+00:00","breadcrumb":{"@id":"https:\/\/nobelpool.be\/fr\/#breadcrumb"},"inLanguage":"fr-FR","potentialAction":[{"@type":"ReadAction","target":["https:\/\/nobelpool.be\/fr\/"]}]},{"@type":"BreadcrumbList","@id":"https:\/\/nobelpool.be\/fr\/#breadcrumb","itemListElement":[{"@type":"ListItem","position":1,"name":"Home","item":"https:\/\/nobelpool.be\/fr\/"},{"@type":"ListItem","position":2,"name":"Home"}]},{"@type":"WebSite","@id":"https:\/\/nobelpool.be\/#website","url":"https:\/\/nobelpool.be\/","name":"Nobel Pool","description":"Construct, Cleaning, Garden","potentialAction":[{"@type":"SearchAction","target":{"@type":"EntryPoint","urlTemplate":"https:\/\/nobelpool.be\/?s={search_term_string}"},"query-input":{"@type":"PropertyValueSpecification","valueRequired":true,"valueName":"search_term_string"}}],"inLanguage":"fr-FR"}]}},"_links":{"self":[{"href":"https:\/\/nobelpool.be\/fr\/wp-json\/wp\/v2\/pages\/248","targetHints":{"allow":["GET"]}}],"collection":[{"href":"https:\/\/nobelpool.be\/fr\/wp-json\/wp\/v2\/pages"}],"about":[{"href":"https:\/\/nobelpool.be\/fr\/wp-json\/wp\/v2\/types\/page"}],"author":[{"embeddable":true,"href":"https:\/\/nobelpool.be\/fr\/wp-json\/wp\/v2\/users\/1"}],"replies":[{"embeddable":true,"href":"https:\/\/nobelpool.be\/fr\/wp-json\/wp\/v2\/comments?post=248"}],"version-history":[{"count":4,"href":"https:\/\/nobelpool.be\/fr\/wp-json\/wp\/v2\/pages\/248\/revisions"}],"predecessor-version":[{"id":2741,"href":"https:\/\/nobelpool.be\/fr\/wp-json\/wp\/v2\/pages\/248\/revisions\/2741"}],"wp:attachment":[{"href":"https:\/\/nobelpool.be\/fr\/wp-json\/wp\/v2\/media?parent=248"}],"curies":[{"name":"wp","href":"https:\/\/api.w.org\/{rel}","templated":true}]}}