{"id":286,"date":"2011-02-03T16:50:06","date_gmt":"2011-02-03T15:50:06","guid":{"rendered":"https:\/\/www.nobelpool.be\/"},"modified":"2011-02-14T14:35:46","modified_gmt":"2011-02-14T13:35:46","slug":"nobel-garden-3","status":"publish","type":"page","link":"https:\/\/nobelpool.be\/fr\/nobel-garden-3\/","title":{"rendered":"Nobel Garden"},"content":{"rendered":"<p class=\"intro\">Nobel Garden s\u2019appuie sur une exp\u00e9rience de 30 ans.<\/p>\n<p>Piscines, <em>pool houses<\/em>, am\u00e9nagement de jardin, fontaines, terrasses, all\u00e9es, etc.<\/p>\n<p>Nous vous donnons un avis d\u2019expert et prenons en compte tous vos desideratas ainsi que votre budget. De telles solutions solides et durables de premi\u00e8re qualit\u00e9 veillent \u00e0 ce que tout s\u2019int\u00e8gre parfaitement \u00e0 votre environnement ext\u00e9rieur. Une piscine hors sol sur votre terrasse ? Cette solution est v\u00e9ritablement une perle&nbsp;! Vous souhaitez \u00e9quiper votre <em>pool house<\/em> d\u2019une douche, d\u2019un sauna, d\u2019un bain \u00e0 bulles, d\u2019un barbecue, etc. Demandez toutes nos formidables alternatives.<\/p>\n<div class=\"overzicht\"><a href=\"https:\/\/www.nobelpool.be\/nobel-garden-3\/amenagement-de-jardin\/?lang=fr\"><img loading=\"lazy\" decoding=\"async\" class=\"alignleft size-full wp-image-195\" title=\"overzicht-tuinaanleg\" src=\"https:\/\/nobelpool.be\/wp-content\/uploads\/2010\/11\/overzicht-tuinaanleg.jpg\" alt=\"\" width=\"100\" height=\"80\" \/><\/a><\/p>\n<div>\n<h2><a href=\"https:\/\/www.nobelpool.be\/nobel-garden-3\/amenagement-de-jardin\/?lang=fr\">Am\u00e9nagement<br \/>de jardin<\/a><\/h2>\n<\/div>\n<\/div>\n<div class=\"overzicht\"><a href=\"https:\/\/www.nobelpool.be\/nobel-garden-3\/terrasses-et-allees\/?lang=fr\"><img loading=\"lazy\" decoding=\"async\" class=\"alignleft size-full wp-image-194\" title=\"overzicht-terrassen\" src=\"https:\/\/nobelpool.be\/wp-content\/uploads\/2010\/11\/overzicht-terrassen.jpg\" alt=\"\" width=\"100\" height=\"80\" \/><\/a><\/p>\n<div>\n<h2><a href=\"https:\/\/www.nobelpool.be\/nobel-garden-3\/terrasses-et-allees\/?lang=fr\">Terrasses et all\u00e9es<\/a><\/h2>\n<\/div>\n<\/div>\n<div class=\"overzicht\"><a href=\"https:\/\/www.nobelpool.be\/nobel-garden-3\/kits-de-piscine\/?lang=fr\"><img loading=\"lazy\" decoding=\"async\" class=\"alignleft size-full wp-image-197\" title=\"overzicht-zwembadkits\" src=\"https:\/\/nobelpool.be\/wp-content\/uploads\/2010\/11\/overzicht-zwembadkits.jpg\" alt=\"\" width=\"100\" height=\"80\" \/><\/a><\/p>\n<div>\n<h2><a href=\"https:\/\/www.nobelpool.be\/nobel-garden-3\/kits-de-piscine\/?lang=fr\">Kits de piscine<\/a><\/h2>\n<\/div>\n<\/div>\n<div class=\"overzicht\"><a href=\"https:\/\/www.nobelpool.be\/nobel-garden-3\/etangs-et-cascades\/?lang=fr\"><img loading=\"lazy\" decoding=\"async\" class=\"alignleft size-full wp-image-196\" title=\"overzicht-vijvers\" src=\"https:\/\/nobelpool.be\/wp-content\/uploads\/2010\/11\/overzicht-vijvers.jpg\" alt=\"\" width=\"100\" height=\"80\" \/><\/a><\/p>\n<div>\n<h2><a href=\"https:\/\/www.nobelpool.be\/nobel-garden-3\/etangs-et-cascades\/?lang=fr\">\u00c9tangs et cascades<\/a><\/h2>\n<\/div>\n<\/div>\n","protected":false},"excerpt":{"rendered":"<p>Nobel Garden s\u2019appuie sur une exp\u00e9rience de 30 ans. Piscines, pool houses, am\u00e9nagement de jardin, fontaines, terrasses, all\u00e9es, etc. Nous vous donnons un avis d\u2019expert et prenons en compte tous vos desideratas ainsi que votre budget. De telles solutions solides et durables de premi\u00e8re qualit\u00e9 veillent \u00e0 ce que tout s\u2019int\u00e8gre parfaitement \u00e0 votre environnement [&hellip;]<\/p>\n","protected":false},"author":1,"featured_media":0,"parent":0,"menu_order":0,"comment_status":"open","ping_status":"closed","template":"","meta":{"ngg_post_thumbnail":0,"footnotes":"","_links_to":"","_links_to_target":""},"class_list":["post-286","page","type-page","status-publish","hentry"],"yoast_head":"<!-- This site is optimized with the Yoast SEO plugin v27.4 - https:\/\/yoast.com\/product\/yoast-seo-wordpress\/ -->\n<title>Nobel Garden - Nobel Pool<\/title>\n<meta name=\"robots\" content=\"index, follow, max-snippet:-1, max-image-preview:large, max-video-preview:-1\" \/>\n<link rel=\"canonical\" href=\"https:\/\/nobelpool.be\/fr\/nobel-garden-3\/\" \/>\n<meta property=\"og:locale\" content=\"fr_FR\" \/>\n<meta property=\"og:type\" content=\"article\" \/>\n<meta property=\"og:title\" content=\"Nobel Garden - Nobel Pool\" \/>\n<meta property=\"og:description\" content=\"Nobel Garden s\u2019appuie sur une exp\u00e9rience de 30 ans. Piscines, pool houses, am\u00e9nagement de jardin, fontaines, terrasses, all\u00e9es, etc. Nous vous donnons un avis d\u2019expert et prenons en compte tous vos desideratas ainsi que votre budget. De telles solutions solides et durables de premi\u00e8re qualit\u00e9 veillent \u00e0 ce que tout s\u2019int\u00e8gre parfaitement \u00e0 votre environnement [&hellip;]\" \/>\n<meta property=\"og:url\" content=\"https:\/\/nobelpool.be\/fr\/nobel-garden-3\/\" \/>\n<meta property=\"og:site_name\" content=\"Nobel Pool\" \/>\n<meta property=\"article:modified_time\" content=\"2011-02-14T13:35:46+00:00\" \/>\n<meta property=\"og:image\" content=\"https:\/\/nobelpool.be\/wp-content\/uploads\/2010\/11\/overzicht-tuinaanleg.jpg\" \/>\n<meta name=\"twitter:label1\" content=\"Dur\u00e9e de lecture estim\u00e9e\" \/>\n\t<meta name=\"twitter:data1\" content=\"1 minute\" \/>\n<script type=\"application\/ld+json\" class=\"yoast-schema-graph\">{\"@context\":\"https:\\\/\\\/schema.org\",\"@graph\":[{\"@type\":\"WebPage\",\"@id\":\"https:\\\/\\\/nobelpool.be\\\/fr\\\/nobel-garden-3\\\/\",\"url\":\"https:\\\/\\\/nobelpool.be\\\/fr\\\/nobel-garden-3\\\/\",\"name\":\"Nobel Garden - Nobel Pool\",\"isPartOf\":{\"@id\":\"https:\\\/\\\/nobelpool.be\\\/#website\"},\"primaryImageOfPage\":{\"@id\":\"https:\\\/\\\/nobelpool.be\\\/fr\\\/nobel-garden-3\\\/#primaryimage\"},\"image\":{\"@id\":\"https:\\\/\\\/nobelpool.be\\\/fr\\\/nobel-garden-3\\\/#primaryimage\"},\"thumbnailUrl\":\"https:\\\/\\\/nobelpool.be\\\/wp-content\\\/uploads\\\/2010\\\/11\\\/overzicht-tuinaanleg.jpg\",\"datePublished\":\"2011-02-03T15:50:06+00:00\",\"dateModified\":\"2011-02-14T13:35:46+00:00\",\"breadcrumb\":{\"@id\":\"https:\\\/\\\/nobelpool.be\\\/fr\\\/nobel-garden-3\\\/#breadcrumb\"},\"inLanguage\":\"fr-FR\",\"potentialAction\":[{\"@type\":\"ReadAction\",\"target\":[\"https:\\\/\\\/nobelpool.be\\\/fr\\\/nobel-garden-3\\\/\"]}]},{\"@type\":\"ImageObject\",\"inLanguage\":\"fr-FR\",\"@id\":\"https:\\\/\\\/nobelpool.be\\\/fr\\\/nobel-garden-3\\\/#primaryimage\",\"url\":\"https:\\\/\\\/nobelpool.be\\\/wp-content\\\/uploads\\\/2010\\\/11\\\/overzicht-tuinaanleg.jpg\",\"contentUrl\":\"https:\\\/\\\/nobelpool.be\\\/wp-content\\\/uploads\\\/2010\\\/11\\\/overzicht-tuinaanleg.jpg\"},{\"@type\":\"BreadcrumbList\",\"@id\":\"https:\\\/\\\/nobelpool.be\\\/fr\\\/nobel-garden-3\\\/#breadcrumb\",\"itemListElement\":[{\"@type\":\"ListItem\",\"position\":1,\"name\":\"Home\",\"item\":\"https:\\\/\\\/nobelpool.be\\\/fr\\\/\"},{\"@type\":\"ListItem\",\"position\":2,\"name\":\"Nobel Garden\"}]},{\"@type\":\"WebSite\",\"@id\":\"https:\\\/\\\/nobelpool.be\\\/#website\",\"url\":\"https:\\\/\\\/nobelpool.be\\\/\",\"name\":\"Nobel Pool\",\"description\":\"Construct, Cleaning, Garden\",\"potentialAction\":[{\"@type\":\"SearchAction\",\"target\":{\"@type\":\"EntryPoint\",\"urlTemplate\":\"https:\\\/\\\/nobelpool.be\\\/?s={search_term_string}\"},\"query-input\":{\"@type\":\"PropertyValueSpecification\",\"valueRequired\":true,\"valueName\":\"search_term_string\"}}],\"inLanguage\":\"fr-FR\"}]}<\/script>\n<!-- \/ Yoast SEO plugin. -->","yoast_head_json":{"title":"Nobel Garden - Nobel Pool","robots":{"index":"index","follow":"follow","max-snippet":"max-snippet:-1","max-image-preview":"max-image-preview:large","max-video-preview":"max-video-preview:-1"},"canonical":"https:\/\/nobelpool.be\/fr\/nobel-garden-3\/","og_locale":"fr_FR","og_type":"article","og_title":"Nobel Garden - Nobel Pool","og_description":"Nobel Garden s\u2019appuie sur une exp\u00e9rience de 30 ans. Piscines, pool houses, am\u00e9nagement de jardin, fontaines, terrasses, all\u00e9es, etc. Nous vous donnons un avis d\u2019expert et prenons en compte tous vos desideratas ainsi que votre budget. De telles solutions solides et durables de premi\u00e8re qualit\u00e9 veillent \u00e0 ce que tout s\u2019int\u00e8gre parfaitement \u00e0 votre environnement [&hellip;]","og_url":"https:\/\/nobelpool.be\/fr\/nobel-garden-3\/","og_site_name":"Nobel Pool","article_modified_time":"2011-02-14T13:35:46+00:00","og_image":[{"url":"https:\/\/nobelpool.be\/wp-content\/uploads\/2010\/11\/overzicht-tuinaanleg.jpg","type":"","width":"","height":""}],"twitter_misc":{"Dur\u00e9e de lecture estim\u00e9e":"1 minute"},"schema":{"@context":"https:\/\/schema.org","@graph":[{"@type":"WebPage","@id":"https:\/\/nobelpool.be\/fr\/nobel-garden-3\/","url":"https:\/\/nobelpool.be\/fr\/nobel-garden-3\/","name":"Nobel Garden - Nobel Pool","isPartOf":{"@id":"https:\/\/nobelpool.be\/#website"},"primaryImageOfPage":{"@id":"https:\/\/nobelpool.be\/fr\/nobel-garden-3\/#primaryimage"},"image":{"@id":"https:\/\/nobelpool.be\/fr\/nobel-garden-3\/#primaryimage"},"thumbnailUrl":"https:\/\/nobelpool.be\/wp-content\/uploads\/2010\/11\/overzicht-tuinaanleg.jpg","datePublished":"2011-02-03T15:50:06+00:00","dateModified":"2011-02-14T13:35:46+00:00","breadcrumb":{"@id":"https:\/\/nobelpool.be\/fr\/nobel-garden-3\/#breadcrumb"},"inLanguage":"fr-FR","potentialAction":[{"@type":"ReadAction","target":["https:\/\/nobelpool.be\/fr\/nobel-garden-3\/"]}]},{"@type":"ImageObject","inLanguage":"fr-FR","@id":"https:\/\/nobelpool.be\/fr\/nobel-garden-3\/#primaryimage","url":"https:\/\/nobelpool.be\/wp-content\/uploads\/2010\/11\/overzicht-tuinaanleg.jpg","contentUrl":"https:\/\/nobelpool.be\/wp-content\/uploads\/2010\/11\/overzicht-tuinaanleg.jpg"},{"@type":"BreadcrumbList","@id":"https:\/\/nobelpool.be\/fr\/nobel-garden-3\/#breadcrumb","itemListElement":[{"@type":"ListItem","position":1,"name":"Home","item":"https:\/\/nobelpool.be\/fr\/"},{"@type":"ListItem","position":2,"name":"Nobel Garden"}]},{"@type":"WebSite","@id":"https:\/\/nobelpool.be\/#website","url":"https:\/\/nobelpool.be\/","name":"Nobel Pool","description":"Construct, Cleaning, Garden","potentialAction":[{"@type":"SearchAction","target":{"@type":"EntryPoint","urlTemplate":"https:\/\/nobelpool.be\/?s={search_term_string}"},"query-input":{"@type":"PropertyValueSpecification","valueRequired":true,"valueName":"search_term_string"}}],"inLanguage":"fr-FR"}]}},"_links":{"self":[{"href":"https:\/\/nobelpool.be\/fr\/wp-json\/wp\/v2\/pages\/286","targetHints":{"allow":["GET"]}}],"collection":[{"href":"https:\/\/nobelpool.be\/fr\/wp-json\/wp\/v2\/pages"}],"about":[{"href":"https:\/\/nobelpool.be\/fr\/wp-json\/wp\/v2\/types\/page"}],"author":[{"embeddable":true,"href":"https:\/\/nobelpool.be\/fr\/wp-json\/wp\/v2\/users\/1"}],"replies":[{"embeddable":true,"href":"https:\/\/nobelpool.be\/fr\/wp-json\/wp\/v2\/comments?post=286"}],"version-history":[{"count":8,"href":"https:\/\/nobelpool.be\/fr\/wp-json\/wp\/v2\/pages\/286\/revisions"}],"predecessor-version":[{"id":485,"href":"https:\/\/nobelpool.be\/fr\/wp-json\/wp\/v2\/pages\/286\/revisions\/485"}],"wp:attachment":[{"href":"https:\/\/nobelpool.be\/fr\/wp-json\/wp\/v2\/media?parent=286"}],"curies":[{"name":"wp","href":"https:\/\/api.w.org\/{rel}","templated":true}]}}