{"id":355,"date":"2011-02-14T12:06:40","date_gmt":"2011-02-14T11:06:40","guid":{"rendered":"https:\/\/www.nobelpool.be\/"},"modified":"2020-01-13T11:56:48","modified_gmt":"2020-01-13T10:56:48","slug":"formules-dentretien","status":"publish","type":"page","link":"https:\/\/nobelpool.be\/fr\/nobel-cleaning-3\/formules-dentretien\/","title":{"rendered":"Formules d&rsquo;entretien"},"content":{"rendered":"<h1>Piscines \u00e0 ciel ouvert<\/h1>\n<h2>CONTRAT A : 2 visites par an<\/h2>\n<h3>OUVERTURE<\/h3>\n<ul>\n<li>Nettoyage et remisage de la b\u00e2che d\u2019hiver ou nettoyage du volet roulant.<\/li>\n<li>Montage et installation par exemple d\u2019un plongeoir, d\u2019une \u00e9chelle, etc.<\/li>\n<li>V\u00e9rification, entretien et activation de l\u2019installation, \u00e0 savoir la pompe, le filtre, le chauffage et l\u2019\u00e9clairage.<\/li>\n<li>Lubrification des joints <em>back-wash<\/em> et des pr\u00e9filtres.<\/li>\n<li>Nettoyage des pr\u00e9filtres et des filtres.<\/li>\n<li>Aspiration de la piscine.<\/li>\n<li>Nettoyage des bordures de la piscine sur une largeur de 1 m\u00e8tre.<\/li>\n<li>Remplissage de la piscine jusqu\u2019au niveau ad\u00e9quat.<\/li>\n<li>Analyse de l\u2019eau et ajout des produits requis.<\/li>\n<\/ul>\n<p>Remarque : pour le nettoyage \u00e9ventuel du coffre du volet roulant, un prix s\u2019applique s\u00e9par\u00e9ment.<\/p>\n<h3>FERMETURE<\/h3>\n<ul>\n<li>D\u00e9montage et remisage du plongeoir, de l\u2019\u00e9chelle, etc.<\/li>\n<li>Pose de la b\u00e2che d\u2019hiver.<\/li>\n<li>Nettoyage des pr\u00e9filtres et des filtres.<\/li>\n<li>Lubrification des joints <em>back-wash<\/em> et des pr\u00e9filtres.<\/li>\n<li>V\u00e9rification d\u00e9taill\u00e9e de l\u2019installation, \u00e0 savoir la pompe, le filtre, le chauffage.<\/li>\n<li>Protection des conduites en mat\u00e9riau sensible au gel.<\/li>\n<li>Analyse de l\u2019eau et ajout des produits requis.<\/li>\n<\/ul>\n<p>Remarque : avant de poser la b\u00e2che d\u2019hiver, il convient de veiller \u00e0 ce que la piscine soit propre. Le nettoyage par les soins de notre personnel fera l\u2019objet d\u2019une facture suppl\u00e9mentaire.<\/p>\n<p><a class=\"button\" href=\"https:\/\/www.nobelpool.be\/fr\/contact\/\">Contactez-nous pour davantage d&rsquo;informations<\/a><\/p>\n<h2>CONTRAT B : 8 visites par an<\/h2>\n<h3>OUVERTURE\/FERMETURE<\/h3>\n<ul>\n<li>idem contrat A<\/li>\n<\/ul>\n<h3>VISITES MENSUELLES (6)<\/h3>\n<ul>\n<li>Contr\u00f4le de l\u2019\u00e9tat g\u00e9n\u00e9ral de l\u2019installation, \u00e0 savoir la pompe, le filtre, le chauffage, l\u2019\u00e9clairage et l\u2019installation automatique.<\/li>\n<li>Analyse de l\u2019eau et ajout des produits requis.<\/li>\n<\/ul>\n<p><a class=\"button\" href=\"https:\/\/www.nobelpool.be\/fr\/contact\/\">Contactez-nous pour davantage d&rsquo;informations<\/a><\/p>\n<h2>CONTRAT C : 26 visites par an<\/h2>\n<h3>OUVERTURE\/FERMETURE<\/h3>\n<ul>\n<li>idem contrat A<\/li>\n<\/ul>\n<h3>VISITES D\u2019HIVER (2)<\/h3>\n<ul>\n<li>Pompage de l\u2019eau sur la b\u00e2che.<\/li>\n<li>Nettoyage de la b\u00e2che.<\/li>\n<li>Analyse de l\u2019eau et ajout des produits requis.<\/li>\n<\/ul>\n<p>Remarque : dans ce type de contrat, les pannes de la pompe et du filtre sont incluses (sans pi\u00e8ces d\u00e9tach\u00e9es).<\/p>\n<h3>ENTRETIEN HEBDOMADAIRE (22)<\/h3>\n<ul>\n<li>Contr\u00f4le de l\u2019\u00e9tat g\u00e9n\u00e9ral de l\u2019installation, \u00e0 savoir la pompe, le filtre, le chauffage, l\u2019\u00e9clairage et l\u2019installation automatique.<\/li>\n<li>Nettoyage de la piscine.<\/li>\n<li>Nettoyage des pr\u00e9filtres et des filtres.<\/li>\n<li>Nettoyage des bordures de la piscine sur une largeur de 1 m\u00e8tre.<\/li>\n<li>Analyse de l\u2019eau et ajout des produits requis.<\/li>\n<\/ul>\n<p><a class=\"button\" href=\"https:\/\/www.nobelpool.be\/fr\/contact\/\">Contactez-nous pour davantage d&rsquo;informations<\/a><\/p>\n<h2>CONTRAT TOTAL<\/h2>\n<p>Il est possible de conclure un contrat C avec un contrat total, c\u2019est-\u00e0-dire incluant les produits d\u2019entretien pour toute la saison, notamment les tablettes de chlore, le PH+, le PH-, etc.<\/p>\n<p>Ce type de contrat vous donne notamment l\u2019avantage de pouvoir b\u00e9n\u00e9ficier de l\u2019exclusivit\u00e9 NOBEL POOL : \u00ab\u00a0la garantie totale\u00a0\u00bb.<\/p>\n<p>En quoi consiste cette \u00ab\u00a0garantie totale\u00a0\u00bb\u00a0?<br \/>\nNOBEL POOL s\u2019engage \u00e0 proc\u00e9der GRATUITEMENT \u00e0 tous les travaux de r\u00e9paration (pi\u00e8ces de d\u00e9tach\u00e9es et main d\u2019\u0153uvre) sur les installations de filtration tout au long du contrat total, quand les conditions suivantes sont satisfaites :<\/p>\n<ol>\n<li>L\u2019entretien de la piscine doit \u00eatre confi\u00e9 \u00e0 NOBEL POOL sans interruption dans le cadre d\u2019un contrat C.<\/li>\n<li>Le dispositif de filtration doit \u00eatre livr\u00e9 et mont\u00e9 par NOBEL POOL. Au terme d\u2019un examen pr\u00e9liminaire, une installation livr\u00e9e par une autre entreprise peut \u00e9ventuellement \u00eatre couverte par notre \u00ab\u00a0garantie totale\u00a0\u00bb.<\/li>\n<\/ol>\n<p><a class=\"button\" href=\"https:\/\/www.nobelpool.be\/fr\/contact\/\">Contactez-nous pour davantage d&rsquo;informations<\/a><\/p>\n<h1>Piscines couvertes<\/h1>\n<h2>CONTRAT D : 2 visites par an<\/h2>\n<ul>\n<li>Contr\u00f4le et entretien de l\u2019installation, \u00e0 savoir la pompe, le filtre, le chauffage, l\u2019\u00e9clairage et l\u2019installation automatique.<\/li>\n<li>Lubrification des joints <em>back-wash<\/em> et des pr\u00e9filtres.<\/li>\n<li>Nettoyage des pr\u00e9filtres et des filtres.<\/li>\n<li>Analyse de l\u2019eau et ajout des produits requis.<\/li>\n<\/ul>\n<p><a class=\"button\" href=\"https:\/\/www.nobelpool.be\/fr\/contact\/\">Contactez-nous pour davantage d&rsquo;informations<\/a><\/p>\n<h2>CONTRAT E : 12 visites par an<\/h2>\n<ul>\n<li>Idem contrat D, sur base mensuelle.<\/li>\n<\/ul>\n<p><a class=\"button\" href=\"https:\/\/www.nobelpool.be\/fr\/contact\/\">Contactez-nous pour davantage d&rsquo;informations<\/a><\/p>\n<h2>CONTRAT F : 26 visites par an<\/h2>\n<ul>\n<li>Idem contrat D, toutes les deux semaines, concerne \u00e9galement l\u2019aspiration de la piscine.<\/li>\n<\/ul>\n<p>Remarque : dans ce type de contrat, les pannes de la pompe et du filtre sont incluses (sans pi\u00e8ces d\u00e9tach\u00e9es).<\/p>\n<p><a class=\"button\" href=\"https:\/\/www.nobelpool.be\/fr\/contact\/\">Contactez-nous pour davantage d&rsquo;informations<\/a><\/p>\n","protected":false},"excerpt":{"rendered":"<p>Piscines \u00e0 ciel ouvert CONTRAT A : 2 visites par an OUVERTURE Nettoyage et remisage de la b\u00e2che d\u2019hiver ou nettoyage du volet roulant. Montage et installation par exemple d\u2019un plongeoir, d\u2019une \u00e9chelle, etc. V\u00e9rification, entretien et activation de l\u2019installation, \u00e0 savoir la pompe, le filtre, le chauffage et l\u2019\u00e9clairage. Lubrification des joints back-wash et [&hellip;]<\/p>\n","protected":false},"author":1,"featured_media":0,"parent":282,"menu_order":2,"comment_status":"open","ping_status":"closed","template":"","meta":{"ngg_post_thumbnail":0,"footnotes":"","_links_to":"","_links_to_target":""},"class_list":["post-355","page","type-page","status-publish","hentry"],"yoast_head":"<!-- This site is optimized with the Yoast SEO plugin v27.4 - https:\/\/yoast.com\/product\/yoast-seo-wordpress\/ -->\n<title>Formules d&#039;entretien - Nobel Pool<\/title>\n<meta name=\"robots\" content=\"index, follow, max-snippet:-1, max-image-preview:large, max-video-preview:-1\" \/>\n<link rel=\"canonical\" href=\"https:\/\/nobelpool.be\/nobel-cleaning\/onderhoudsformules\/\" \/>\n<meta property=\"og:locale\" content=\"fr_FR\" \/>\n<meta property=\"og:type\" content=\"article\" \/>\n<meta property=\"og:title\" content=\"Formules d&#039;entretien - Nobel Pool\" \/>\n<meta property=\"og:description\" content=\"Piscines \u00e0 ciel ouvert CONTRAT A : 2 visites par an OUVERTURE Nettoyage et remisage de la b\u00e2che d\u2019hiver ou nettoyage du volet roulant. Montage et installation par exemple d\u2019un plongeoir, d\u2019une \u00e9chelle, etc. V\u00e9rification, entretien et activation de l\u2019installation, \u00e0 savoir la pompe, le filtre, le chauffage et l\u2019\u00e9clairage. Lubrification des joints back-wash et [&hellip;]\" \/>\n<meta property=\"og:url\" content=\"https:\/\/nobelpool.be\/nobel-cleaning\/onderhoudsformules\/\" \/>\n<meta property=\"og:site_name\" content=\"Nobel Pool\" \/>\n<meta property=\"article:modified_time\" content=\"2020-01-13T10:56:48+00:00\" \/>\n<meta name=\"twitter:label1\" content=\"Dur\u00e9e de lecture estim\u00e9e\" \/>\n\t<meta name=\"twitter:data1\" content=\"3 minutes\" \/>\n<script type=\"application\/ld+json\" class=\"yoast-schema-graph\">{\"@context\":\"https:\\\/\\\/schema.org\",\"@graph\":[{\"@type\":\"WebPage\",\"@id\":\"https:\\\/\\\/nobelpool.be\\\/nobel-cleaning\\\/onderhoudsformules\\\/\",\"url\":\"https:\\\/\\\/nobelpool.be\\\/nobel-cleaning\\\/onderhoudsformules\\\/\",\"name\":\"Formules d'entretien - Nobel Pool\",\"isPartOf\":{\"@id\":\"https:\\\/\\\/nobelpool.be\\\/#website\"},\"datePublished\":\"2011-02-14T11:06:40+00:00\",\"dateModified\":\"2020-01-13T10:56:48+00:00\",\"breadcrumb\":{\"@id\":\"https:\\\/\\\/nobelpool.be\\\/nobel-cleaning\\\/onderhoudsformules\\\/#breadcrumb\"},\"inLanguage\":\"fr-FR\",\"potentialAction\":[{\"@type\":\"ReadAction\",\"target\":[\"https:\\\/\\\/nobelpool.be\\\/nobel-cleaning\\\/onderhoudsformules\\\/\"]}]},{\"@type\":\"BreadcrumbList\",\"@id\":\"https:\\\/\\\/nobelpool.be\\\/nobel-cleaning\\\/onderhoudsformules\\\/#breadcrumb\",\"itemListElement\":[{\"@type\":\"ListItem\",\"position\":1,\"name\":\"Home\",\"item\":\"https:\\\/\\\/nobelpool.be\\\/fr\\\/\"},{\"@type\":\"ListItem\",\"position\":2,\"name\":\"Nobel Cleaning\",\"item\":\"https:\\\/\\\/nobelpool.be\\\/nobel-cleaning\\\/\"},{\"@type\":\"ListItem\",\"position\":3,\"name\":\"Formules d&#8217;entretien\"}]},{\"@type\":\"WebSite\",\"@id\":\"https:\\\/\\\/nobelpool.be\\\/#website\",\"url\":\"https:\\\/\\\/nobelpool.be\\\/\",\"name\":\"Nobel Pool\",\"description\":\"Construct, Cleaning, Garden\",\"potentialAction\":[{\"@type\":\"SearchAction\",\"target\":{\"@type\":\"EntryPoint\",\"urlTemplate\":\"https:\\\/\\\/nobelpool.be\\\/?s={search_term_string}\"},\"query-input\":{\"@type\":\"PropertyValueSpecification\",\"valueRequired\":true,\"valueName\":\"search_term_string\"}}],\"inLanguage\":\"fr-FR\"}]}<\/script>\n<!-- \/ Yoast SEO plugin. -->","yoast_head_json":{"title":"Formules d'entretien - Nobel Pool","robots":{"index":"index","follow":"follow","max-snippet":"max-snippet:-1","max-image-preview":"max-image-preview:large","max-video-preview":"max-video-preview:-1"},"canonical":"https:\/\/nobelpool.be\/nobel-cleaning\/onderhoudsformules\/","og_locale":"fr_FR","og_type":"article","og_title":"Formules d'entretien - Nobel Pool","og_description":"Piscines \u00e0 ciel ouvert CONTRAT A : 2 visites par an OUVERTURE Nettoyage et remisage de la b\u00e2che d\u2019hiver ou nettoyage du volet roulant. Montage et installation par exemple d\u2019un plongeoir, d\u2019une \u00e9chelle, etc. V\u00e9rification, entretien et activation de l\u2019installation, \u00e0 savoir la pompe, le filtre, le chauffage et l\u2019\u00e9clairage. Lubrification des joints back-wash et [&hellip;]","og_url":"https:\/\/nobelpool.be\/nobel-cleaning\/onderhoudsformules\/","og_site_name":"Nobel Pool","article_modified_time":"2020-01-13T10:56:48+00:00","twitter_misc":{"Dur\u00e9e de lecture estim\u00e9e":"3 minutes"},"schema":{"@context":"https:\/\/schema.org","@graph":[{"@type":"WebPage","@id":"https:\/\/nobelpool.be\/nobel-cleaning\/onderhoudsformules\/","url":"https:\/\/nobelpool.be\/nobel-cleaning\/onderhoudsformules\/","name":"Formules d'entretien - Nobel Pool","isPartOf":{"@id":"https:\/\/nobelpool.be\/#website"},"datePublished":"2011-02-14T11:06:40+00:00","dateModified":"2020-01-13T10:56:48+00:00","breadcrumb":{"@id":"https:\/\/nobelpool.be\/nobel-cleaning\/onderhoudsformules\/#breadcrumb"},"inLanguage":"fr-FR","potentialAction":[{"@type":"ReadAction","target":["https:\/\/nobelpool.be\/nobel-cleaning\/onderhoudsformules\/"]}]},{"@type":"BreadcrumbList","@id":"https:\/\/nobelpool.be\/nobel-cleaning\/onderhoudsformules\/#breadcrumb","itemListElement":[{"@type":"ListItem","position":1,"name":"Home","item":"https:\/\/nobelpool.be\/fr\/"},{"@type":"ListItem","position":2,"name":"Nobel Cleaning","item":"https:\/\/nobelpool.be\/nobel-cleaning\/"},{"@type":"ListItem","position":3,"name":"Formules d&#8217;entretien"}]},{"@type":"WebSite","@id":"https:\/\/nobelpool.be\/#website","url":"https:\/\/nobelpool.be\/","name":"Nobel Pool","description":"Construct, Cleaning, Garden","potentialAction":[{"@type":"SearchAction","target":{"@type":"EntryPoint","urlTemplate":"https:\/\/nobelpool.be\/?s={search_term_string}"},"query-input":{"@type":"PropertyValueSpecification","valueRequired":true,"valueName":"search_term_string"}}],"inLanguage":"fr-FR"}]}},"_links":{"self":[{"href":"https:\/\/nobelpool.be\/fr\/wp-json\/wp\/v2\/pages\/355","targetHints":{"allow":["GET"]}}],"collection":[{"href":"https:\/\/nobelpool.be\/fr\/wp-json\/wp\/v2\/pages"}],"about":[{"href":"https:\/\/nobelpool.be\/fr\/wp-json\/wp\/v2\/types\/page"}],"author":[{"embeddable":true,"href":"https:\/\/nobelpool.be\/fr\/wp-json\/wp\/v2\/users\/1"}],"replies":[{"embeddable":true,"href":"https:\/\/nobelpool.be\/fr\/wp-json\/wp\/v2\/comments?post=355"}],"version-history":[{"count":3,"href":"https:\/\/nobelpool.be\/fr\/wp-json\/wp\/v2\/pages\/355\/revisions"}],"predecessor-version":[{"id":2732,"href":"https:\/\/nobelpool.be\/fr\/wp-json\/wp\/v2\/pages\/355\/revisions\/2732"}],"up":[{"embeddable":true,"href":"https:\/\/nobelpool.be\/fr\/wp-json\/wp\/v2\/pages\/282"}],"wp:attachment":[{"href":"https:\/\/nobelpool.be\/fr\/wp-json\/wp\/v2\/media?parent=355"}],"curies":[{"name":"wp","href":"https:\/\/api.w.org\/{rel}","templated":true}]}}