{"id":365,"date":"2011-02-14T12:24:04","date_gmt":"2011-02-14T11:24:04","guid":{"rendered":"https:\/\/www.nobelpool.be\/"},"modified":"2011-02-14T12:24:04","modified_gmt":"2011-02-14T11:24:04","slug":"piscines-exterieures","status":"publish","type":"page","link":"https:\/\/nobelpool.be\/fr\/nobel-construct-3\/piscines-exterieures\/","title":{"rendered":"Piscines ext\u00e9rieures"},"content":{"rendered":"<p>ngg_shortcode_0_placeholder<\/p>\n<p><strong>Construction de piscines ext\u00e9rieures<\/strong><\/p>\n<p>Nobel Pool construit des piscines traditionnelles en b\u00e9ton arm\u00e9 et cr\u00e9e votre piscine sur mesure, dans le strict respect de normes de qualit\u00e9 pointues et avec savoir-faire. Nous vous assistons dans le choix des mat\u00e9riaux afin que votre piscine s\u2019int\u00e8gre harmonieusement dans votre environnement.<\/p>\n<p>L\u2019une de nos sp\u00e9cialit\u00e9s est le rev\u00eatement en \u00e9maux de Briare et mosa\u00efques. Et bien entendu, nous proposons une kyrielle d\u2019autres possibilit\u00e9s. Notre travail soign\u00e9 nous permet de vous offrir une garantie de 10 ans sur la cuve et sur le rev\u00eatement int\u00e9rieur.<\/p>\n<p>Nous vous proposons \u00e9galement une large gamme de volets de divers coloris ou encore de pare-soleil.<\/p>\n","protected":false},"excerpt":{"rendered":"<p>Construction de piscines ext\u00e9rieures Nobel Pool construit des piscines traditionnelles en b\u00e9ton arm\u00e9 et cr\u00e9e votre piscine sur mesure, dans le strict respect de normes de qualit\u00e9 pointues et avec savoir-faire. Nous vous assistons dans le choix des mat\u00e9riaux afin que votre piscine s\u2019int\u00e8gre harmonieusement dans votre environnement. L\u2019une de nos sp\u00e9cialit\u00e9s est le rev\u00eatement [&hellip;]<\/p>\n","protected":false},"author":1,"featured_media":0,"parent":274,"menu_order":0,"comment_status":"open","ping_status":"closed","template":"","meta":{"ngg_post_thumbnail":0,"footnotes":"","_links_to":"","_links_to_target":""},"class_list":["post-365","page","type-page","status-publish","hentry"],"yoast_head":"<!-- This site is optimized with the Yoast SEO plugin v27.4 - https:\/\/yoast.com\/product\/yoast-seo-wordpress\/ -->\n<title>Piscines ext\u00e9rieures - Nobel Pool<\/title>\n<meta name=\"robots\" content=\"index, follow, max-snippet:-1, max-image-preview:large, max-video-preview:-1\" \/>\n<link rel=\"canonical\" href=\"https:\/\/nobelpool.be\/nobel-construct\/buitenzwembaden\/\" \/>\n<meta property=\"og:locale\" content=\"fr_FR\" \/>\n<meta property=\"og:type\" content=\"article\" \/>\n<meta property=\"og:title\" content=\"Piscines ext\u00e9rieures - Nobel Pool\" \/>\n<meta property=\"og:description\" content=\"Construction de piscines ext\u00e9rieures Nobel Pool construit des piscines traditionnelles en b\u00e9ton arm\u00e9 et cr\u00e9e votre piscine sur mesure, dans le strict respect de normes de qualit\u00e9 pointues et avec savoir-faire. Nous vous assistons dans le choix des mat\u00e9riaux afin que votre piscine s\u2019int\u00e8gre harmonieusement dans votre environnement. L\u2019une de nos sp\u00e9cialit\u00e9s est le rev\u00eatement [&hellip;]\" \/>\n<meta property=\"og:url\" content=\"https:\/\/nobelpool.be\/nobel-construct\/buitenzwembaden\/\" \/>\n<meta property=\"og:site_name\" content=\"Nobel Pool\" \/>\n<meta name=\"twitter:label1\" content=\"Dur\u00e9e de lecture estim\u00e9e\" \/>\n\t<meta name=\"twitter:data1\" content=\"1 minute\" \/>\n<script type=\"application\/ld+json\" class=\"yoast-schema-graph\">{\"@context\":\"https:\\\/\\\/schema.org\",\"@graph\":[{\"@type\":\"WebPage\",\"@id\":\"https:\\\/\\\/nobelpool.be\\\/nobel-construct\\\/buitenzwembaden\\\/\",\"url\":\"https:\\\/\\\/nobelpool.be\\\/nobel-construct\\\/buitenzwembaden\\\/\",\"name\":\"Piscines ext\u00e9rieures - Nobel Pool\",\"isPartOf\":{\"@id\":\"https:\\\/\\\/nobelpool.be\\\/#website\"},\"datePublished\":\"2011-02-14T11:24:04+00:00\",\"breadcrumb\":{\"@id\":\"https:\\\/\\\/nobelpool.be\\\/nobel-construct\\\/buitenzwembaden\\\/#breadcrumb\"},\"inLanguage\":\"fr-FR\",\"potentialAction\":[{\"@type\":\"ReadAction\",\"target\":[\"https:\\\/\\\/nobelpool.be\\\/nobel-construct\\\/buitenzwembaden\\\/\"]}]},{\"@type\":\"BreadcrumbList\",\"@id\":\"https:\\\/\\\/nobelpool.be\\\/nobel-construct\\\/buitenzwembaden\\\/#breadcrumb\",\"itemListElement\":[{\"@type\":\"ListItem\",\"position\":1,\"name\":\"Home\",\"item\":\"https:\\\/\\\/nobelpool.be\\\/fr\\\/\"},{\"@type\":\"ListItem\",\"position\":2,\"name\":\"Nobel Construct\",\"item\":\"https:\\\/\\\/nobelpool.be\\\/nobel-construct\\\/\"},{\"@type\":\"ListItem\",\"position\":3,\"name\":\"Piscines ext\u00e9rieures\"}]},{\"@type\":\"WebSite\",\"@id\":\"https:\\\/\\\/nobelpool.be\\\/#website\",\"url\":\"https:\\\/\\\/nobelpool.be\\\/\",\"name\":\"Nobel Pool\",\"description\":\"Construct, Cleaning, Garden\",\"potentialAction\":[{\"@type\":\"SearchAction\",\"target\":{\"@type\":\"EntryPoint\",\"urlTemplate\":\"https:\\\/\\\/nobelpool.be\\\/?s={search_term_string}\"},\"query-input\":{\"@type\":\"PropertyValueSpecification\",\"valueRequired\":true,\"valueName\":\"search_term_string\"}}],\"inLanguage\":\"fr-FR\"}]}<\/script>\n<!-- \/ Yoast SEO plugin. -->","yoast_head_json":{"title":"Piscines ext\u00e9rieures - Nobel Pool","robots":{"index":"index","follow":"follow","max-snippet":"max-snippet:-1","max-image-preview":"max-image-preview:large","max-video-preview":"max-video-preview:-1"},"canonical":"https:\/\/nobelpool.be\/nobel-construct\/buitenzwembaden\/","og_locale":"fr_FR","og_type":"article","og_title":"Piscines ext\u00e9rieures - Nobel Pool","og_description":"Construction de piscines ext\u00e9rieures Nobel Pool construit des piscines traditionnelles en b\u00e9ton arm\u00e9 et cr\u00e9e votre piscine sur mesure, dans le strict respect de normes de qualit\u00e9 pointues et avec savoir-faire. Nous vous assistons dans le choix des mat\u00e9riaux afin que votre piscine s\u2019int\u00e8gre harmonieusement dans votre environnement. L\u2019une de nos sp\u00e9cialit\u00e9s est le rev\u00eatement [&hellip;]","og_url":"https:\/\/nobelpool.be\/nobel-construct\/buitenzwembaden\/","og_site_name":"Nobel Pool","twitter_misc":{"Dur\u00e9e de lecture estim\u00e9e":"1 minute"},"schema":{"@context":"https:\/\/schema.org","@graph":[{"@type":"WebPage","@id":"https:\/\/nobelpool.be\/nobel-construct\/buitenzwembaden\/","url":"https:\/\/nobelpool.be\/nobel-construct\/buitenzwembaden\/","name":"Piscines ext\u00e9rieures - Nobel Pool","isPartOf":{"@id":"https:\/\/nobelpool.be\/#website"},"datePublished":"2011-02-14T11:24:04+00:00","breadcrumb":{"@id":"https:\/\/nobelpool.be\/nobel-construct\/buitenzwembaden\/#breadcrumb"},"inLanguage":"fr-FR","potentialAction":[{"@type":"ReadAction","target":["https:\/\/nobelpool.be\/nobel-construct\/buitenzwembaden\/"]}]},{"@type":"BreadcrumbList","@id":"https:\/\/nobelpool.be\/nobel-construct\/buitenzwembaden\/#breadcrumb","itemListElement":[{"@type":"ListItem","position":1,"name":"Home","item":"https:\/\/nobelpool.be\/fr\/"},{"@type":"ListItem","position":2,"name":"Nobel Construct","item":"https:\/\/nobelpool.be\/nobel-construct\/"},{"@type":"ListItem","position":3,"name":"Piscines ext\u00e9rieures"}]},{"@type":"WebSite","@id":"https:\/\/nobelpool.be\/#website","url":"https:\/\/nobelpool.be\/","name":"Nobel Pool","description":"Construct, Cleaning, Garden","potentialAction":[{"@type":"SearchAction","target":{"@type":"EntryPoint","urlTemplate":"https:\/\/nobelpool.be\/?s={search_term_string}"},"query-input":{"@type":"PropertyValueSpecification","valueRequired":true,"valueName":"search_term_string"}}],"inLanguage":"fr-FR"}]}},"_links":{"self":[{"href":"https:\/\/nobelpool.be\/fr\/wp-json\/wp\/v2\/pages\/365","targetHints":{"allow":["GET"]}}],"collection":[{"href":"https:\/\/nobelpool.be\/fr\/wp-json\/wp\/v2\/pages"}],"about":[{"href":"https:\/\/nobelpool.be\/fr\/wp-json\/wp\/v2\/types\/page"}],"author":[{"embeddable":true,"href":"https:\/\/nobelpool.be\/fr\/wp-json\/wp\/v2\/users\/1"}],"replies":[{"embeddable":true,"href":"https:\/\/nobelpool.be\/fr\/wp-json\/wp\/v2\/comments?post=365"}],"version-history":[{"count":1,"href":"https:\/\/nobelpool.be\/fr\/wp-json\/wp\/v2\/pages\/365\/revisions"}],"predecessor-version":[{"id":366,"href":"https:\/\/nobelpool.be\/fr\/wp-json\/wp\/v2\/pages\/365\/revisions\/366"}],"up":[{"embeddable":true,"href":"https:\/\/nobelpool.be\/fr\/wp-json\/wp\/v2\/pages\/274"}],"wp:attachment":[{"href":"https:\/\/nobelpool.be\/fr\/wp-json\/wp\/v2\/media?parent=365"}],"curies":[{"name":"wp","href":"https:\/\/api.w.org\/{rel}","templated":true}]}}