{"id":373,"date":"2011-02-14T12:27:50","date_gmt":"2011-02-14T11:27:50","guid":{"rendered":"https:\/\/www.nobelpool.be\/"},"modified":"2011-02-14T12:27:50","modified_gmt":"2011-02-14T11:27:50","slug":"piscines-interieures","status":"publish","type":"page","link":"https:\/\/nobelpool.be\/fr\/nobel-construct-3\/piscines-interieures\/","title":{"rendered":"Piscines int\u00e9rieures"},"content":{"rendered":"<p>ngg_shortcode_0_placeholder<\/p>\n<p><strong>Construction de piscines int\u00e9rieures<\/strong><\/p>\n<p>Nobel Pool est sp\u00e9cialis\u00e9 dans la pose de la mosa\u00efque en p\u00e2te de verre et \u00e9maux de Briare. Ces mat\u00e9riaux vous proposent une vaste palette de couleurs, de motifs et de frises qui vous permettent de rendre votre piscine vraiment unique.<\/p>\n<p>Une bonne filtration est indispensable pour vous garantir une eau translucide. Profitez de la technologie de filtration combin\u00e9e \u00e0 un syst\u00e8me ozonateur qui r\u00e9duit fortement la teneur en chlore et l\u2019odeur de chlore\u00a0!<\/p>\n","protected":false},"excerpt":{"rendered":"<p>Construction de piscines int\u00e9rieures Nobel Pool est sp\u00e9cialis\u00e9 dans la pose de la mosa\u00efque en p\u00e2te de verre et \u00e9maux de Briare. Ces mat\u00e9riaux vous proposent une vaste palette de couleurs, de motifs et de frises qui vous permettent de rendre votre piscine vraiment unique. Une bonne filtration est indispensable pour vous garantir une eau [&hellip;]<\/p>\n","protected":false},"author":1,"featured_media":0,"parent":274,"menu_order":1,"comment_status":"open","ping_status":"closed","template":"","meta":{"ngg_post_thumbnail":0,"footnotes":"","_links_to":"","_links_to_target":""},"class_list":["post-373","page","type-page","status-publish","hentry"],"yoast_head":"<!-- This site is optimized with the Yoast SEO plugin v27.4 - https:\/\/yoast.com\/product\/yoast-seo-wordpress\/ -->\n<title>Piscines int\u00e9rieures - Nobel Pool<\/title>\n<meta name=\"robots\" content=\"index, follow, max-snippet:-1, max-image-preview:large, max-video-preview:-1\" \/>\n<link rel=\"canonical\" href=\"https:\/\/nobelpool.be\/nobel-construct\/binnenzwembaden\/\" \/>\n<meta property=\"og:locale\" content=\"fr_FR\" \/>\n<meta property=\"og:type\" content=\"article\" \/>\n<meta property=\"og:title\" content=\"Piscines int\u00e9rieures - Nobel Pool\" \/>\n<meta property=\"og:description\" content=\"Construction de piscines int\u00e9rieures Nobel Pool est sp\u00e9cialis\u00e9 dans la pose de la mosa\u00efque en p\u00e2te de verre et \u00e9maux de Briare. Ces mat\u00e9riaux vous proposent une vaste palette de couleurs, de motifs et de frises qui vous permettent de rendre votre piscine vraiment unique. Une bonne filtration est indispensable pour vous garantir une eau [&hellip;]\" \/>\n<meta property=\"og:url\" content=\"https:\/\/nobelpool.be\/nobel-construct\/binnenzwembaden\/\" \/>\n<meta property=\"og:site_name\" content=\"Nobel Pool\" \/>\n<script type=\"application\/ld+json\" class=\"yoast-schema-graph\">{\"@context\":\"https:\\\/\\\/schema.org\",\"@graph\":[{\"@type\":\"WebPage\",\"@id\":\"https:\\\/\\\/nobelpool.be\\\/nobel-construct\\\/binnenzwembaden\\\/\",\"url\":\"https:\\\/\\\/nobelpool.be\\\/nobel-construct\\\/binnenzwembaden\\\/\",\"name\":\"Piscines int\u00e9rieures - Nobel Pool\",\"isPartOf\":{\"@id\":\"https:\\\/\\\/nobelpool.be\\\/#website\"},\"datePublished\":\"2011-02-14T11:27:50+00:00\",\"breadcrumb\":{\"@id\":\"https:\\\/\\\/nobelpool.be\\\/nobel-construct\\\/binnenzwembaden\\\/#breadcrumb\"},\"inLanguage\":\"fr-FR\",\"potentialAction\":[{\"@type\":\"ReadAction\",\"target\":[\"https:\\\/\\\/nobelpool.be\\\/nobel-construct\\\/binnenzwembaden\\\/\"]}]},{\"@type\":\"BreadcrumbList\",\"@id\":\"https:\\\/\\\/nobelpool.be\\\/nobel-construct\\\/binnenzwembaden\\\/#breadcrumb\",\"itemListElement\":[{\"@type\":\"ListItem\",\"position\":1,\"name\":\"Home\",\"item\":\"https:\\\/\\\/nobelpool.be\\\/fr\\\/\"},{\"@type\":\"ListItem\",\"position\":2,\"name\":\"Nobel Construct\",\"item\":\"https:\\\/\\\/nobelpool.be\\\/nobel-construct\\\/\"},{\"@type\":\"ListItem\",\"position\":3,\"name\":\"Piscines int\u00e9rieures\"}]},{\"@type\":\"WebSite\",\"@id\":\"https:\\\/\\\/nobelpool.be\\\/#website\",\"url\":\"https:\\\/\\\/nobelpool.be\\\/\",\"name\":\"Nobel Pool\",\"description\":\"Construct, Cleaning, Garden\",\"potentialAction\":[{\"@type\":\"SearchAction\",\"target\":{\"@type\":\"EntryPoint\",\"urlTemplate\":\"https:\\\/\\\/nobelpool.be\\\/?s={search_term_string}\"},\"query-input\":{\"@type\":\"PropertyValueSpecification\",\"valueRequired\":true,\"valueName\":\"search_term_string\"}}],\"inLanguage\":\"fr-FR\"}]}<\/script>\n<!-- \/ Yoast SEO plugin. -->","yoast_head_json":{"title":"Piscines int\u00e9rieures - Nobel Pool","robots":{"index":"index","follow":"follow","max-snippet":"max-snippet:-1","max-image-preview":"max-image-preview:large","max-video-preview":"max-video-preview:-1"},"canonical":"https:\/\/nobelpool.be\/nobel-construct\/binnenzwembaden\/","og_locale":"fr_FR","og_type":"article","og_title":"Piscines int\u00e9rieures - Nobel Pool","og_description":"Construction de piscines int\u00e9rieures Nobel Pool est sp\u00e9cialis\u00e9 dans la pose de la mosa\u00efque en p\u00e2te de verre et \u00e9maux de Briare. Ces mat\u00e9riaux vous proposent une vaste palette de couleurs, de motifs et de frises qui vous permettent de rendre votre piscine vraiment unique. Une bonne filtration est indispensable pour vous garantir une eau [&hellip;]","og_url":"https:\/\/nobelpool.be\/nobel-construct\/binnenzwembaden\/","og_site_name":"Nobel Pool","schema":{"@context":"https:\/\/schema.org","@graph":[{"@type":"WebPage","@id":"https:\/\/nobelpool.be\/nobel-construct\/binnenzwembaden\/","url":"https:\/\/nobelpool.be\/nobel-construct\/binnenzwembaden\/","name":"Piscines int\u00e9rieures - Nobel Pool","isPartOf":{"@id":"https:\/\/nobelpool.be\/#website"},"datePublished":"2011-02-14T11:27:50+00:00","breadcrumb":{"@id":"https:\/\/nobelpool.be\/nobel-construct\/binnenzwembaden\/#breadcrumb"},"inLanguage":"fr-FR","potentialAction":[{"@type":"ReadAction","target":["https:\/\/nobelpool.be\/nobel-construct\/binnenzwembaden\/"]}]},{"@type":"BreadcrumbList","@id":"https:\/\/nobelpool.be\/nobel-construct\/binnenzwembaden\/#breadcrumb","itemListElement":[{"@type":"ListItem","position":1,"name":"Home","item":"https:\/\/nobelpool.be\/fr\/"},{"@type":"ListItem","position":2,"name":"Nobel Construct","item":"https:\/\/nobelpool.be\/nobel-construct\/"},{"@type":"ListItem","position":3,"name":"Piscines int\u00e9rieures"}]},{"@type":"WebSite","@id":"https:\/\/nobelpool.be\/#website","url":"https:\/\/nobelpool.be\/","name":"Nobel Pool","description":"Construct, Cleaning, Garden","potentialAction":[{"@type":"SearchAction","target":{"@type":"EntryPoint","urlTemplate":"https:\/\/nobelpool.be\/?s={search_term_string}"},"query-input":{"@type":"PropertyValueSpecification","valueRequired":true,"valueName":"search_term_string"}}],"inLanguage":"fr-FR"}]}},"_links":{"self":[{"href":"https:\/\/nobelpool.be\/fr\/wp-json\/wp\/v2\/pages\/373","targetHints":{"allow":["GET"]}}],"collection":[{"href":"https:\/\/nobelpool.be\/fr\/wp-json\/wp\/v2\/pages"}],"about":[{"href":"https:\/\/nobelpool.be\/fr\/wp-json\/wp\/v2\/types\/page"}],"author":[{"embeddable":true,"href":"https:\/\/nobelpool.be\/fr\/wp-json\/wp\/v2\/users\/1"}],"replies":[{"embeddable":true,"href":"https:\/\/nobelpool.be\/fr\/wp-json\/wp\/v2\/comments?post=373"}],"version-history":[{"count":1,"href":"https:\/\/nobelpool.be\/fr\/wp-json\/wp\/v2\/pages\/373\/revisions"}],"predecessor-version":[{"id":374,"href":"https:\/\/nobelpool.be\/fr\/wp-json\/wp\/v2\/pages\/373\/revisions\/374"}],"up":[{"embeddable":true,"href":"https:\/\/nobelpool.be\/fr\/wp-json\/wp\/v2\/pages\/274"}],"wp:attachment":[{"href":"https:\/\/nobelpool.be\/fr\/wp-json\/wp\/v2\/media?parent=373"}],"curies":[{"name":"wp","href":"https:\/\/api.w.org\/{rel}","templated":true}]}}