{"id":377,"date":"2011-02-14T12:29:18","date_gmt":"2011-02-14T11:29:18","guid":{"rendered":"https:\/\/www.nobelpool.be\/"},"modified":"2011-02-14T12:29:18","modified_gmt":"2011-02-14T11:29:18","slug":"bains-a-bulles","status":"publish","type":"page","link":"https:\/\/nobelpool.be\/fr\/nobel-construct-3\/bains-a-bulles\/","title":{"rendered":"Bains \u00e0 bulles"},"content":{"rendered":"<p>ngg_shortcode_0_placeholder<\/p>\n<p><strong>Construction de votre bain \u00e0 bulles<\/strong><\/p>\n<p>Un bain \u00e0 bulles ou jacuzzi combine le plaisir d\u2019un bain chaud \u00e0 un massage \u00e0 bulles d\u2019air et d\u2019eau. L\u2019eau chaude et l\u2019hydromassage am\u00e9liorent la circulation sanguine, calment les articulations douloureuses et permettent l\u2019\u00e9vacuation des toxines de l\u2019organisme. Ce bain bouillonnant vous envahit d\u2019une d\u00e9licieuse sensation de d\u00e9tente et de bien-\u00eatre.<\/p>\n<p>Votre jacuzzi peut \u00eatre construit en b\u00e9ton traditionnel, avec finitions en mosa\u00efque ou en \u00e9maux de Briare. Vous avez donc le choix parmi toutes les dimensions et formes possibles. Il existe \u00e9galement des cuves synth\u00e9tiques disponibles en diverses dimensions, formes et couleurs.<\/p>\n<p>Nos bains \u00e0 bulles sont permanents, avec ou sans d\u00e9bordement. Des versions portables sont \u00e9galement disponibles.<\/p>\n","protected":false},"excerpt":{"rendered":"<p>Construction de votre bain \u00e0 bulles Un bain \u00e0 bulles ou jacuzzi combine le plaisir d\u2019un bain chaud \u00e0 un massage \u00e0 bulles d\u2019air et d\u2019eau. L\u2019eau chaude et l\u2019hydromassage am\u00e9liorent la circulation sanguine, calment les articulations douloureuses et permettent l\u2019\u00e9vacuation des toxines de l\u2019organisme. Ce bain bouillonnant vous envahit d\u2019une d\u00e9licieuse sensation de d\u00e9tente [&hellip;]<\/p>\n","protected":false},"author":1,"featured_media":0,"parent":274,"menu_order":2,"comment_status":"open","ping_status":"closed","template":"","meta":{"ngg_post_thumbnail":0,"footnotes":"","_links_to":"","_links_to_target":""},"class_list":["post-377","page","type-page","status-publish","hentry"],"yoast_head":"<!-- This site is optimized with the Yoast SEO plugin v27.4 - https:\/\/yoast.com\/product\/yoast-seo-wordpress\/ -->\n<title>Bains \u00e0 bulles - Nobel Pool<\/title>\n<meta name=\"robots\" content=\"index, follow, max-snippet:-1, max-image-preview:large, max-video-preview:-1\" \/>\n<link rel=\"canonical\" href=\"https:\/\/nobelpool.be\/nobel-construct\/bubbelbaden\/\" \/>\n<meta property=\"og:locale\" content=\"fr_FR\" \/>\n<meta property=\"og:type\" content=\"article\" \/>\n<meta property=\"og:title\" content=\"Bains \u00e0 bulles - Nobel Pool\" \/>\n<meta property=\"og:description\" content=\"Construction de votre bain \u00e0 bulles Un bain \u00e0 bulles ou jacuzzi combine le plaisir d\u2019un bain chaud \u00e0 un massage \u00e0 bulles d\u2019air et d\u2019eau. L\u2019eau chaude et l\u2019hydromassage am\u00e9liorent la circulation sanguine, calment les articulations douloureuses et permettent l\u2019\u00e9vacuation des toxines de l\u2019organisme. Ce bain bouillonnant vous envahit d\u2019une d\u00e9licieuse sensation de d\u00e9tente [&hellip;]\" \/>\n<meta property=\"og:url\" content=\"https:\/\/nobelpool.be\/nobel-construct\/bubbelbaden\/\" \/>\n<meta property=\"og:site_name\" content=\"Nobel Pool\" \/>\n<meta name=\"twitter:label1\" content=\"Dur\u00e9e de lecture estim\u00e9e\" \/>\n\t<meta name=\"twitter:data1\" content=\"1 minute\" \/>\n<script type=\"application\/ld+json\" class=\"yoast-schema-graph\">{\"@context\":\"https:\\\/\\\/schema.org\",\"@graph\":[{\"@type\":\"WebPage\",\"@id\":\"https:\\\/\\\/nobelpool.be\\\/nobel-construct\\\/bubbelbaden\\\/\",\"url\":\"https:\\\/\\\/nobelpool.be\\\/nobel-construct\\\/bubbelbaden\\\/\",\"name\":\"Bains \u00e0 bulles - Nobel Pool\",\"isPartOf\":{\"@id\":\"https:\\\/\\\/nobelpool.be\\\/#website\"},\"datePublished\":\"2011-02-14T11:29:18+00:00\",\"breadcrumb\":{\"@id\":\"https:\\\/\\\/nobelpool.be\\\/nobel-construct\\\/bubbelbaden\\\/#breadcrumb\"},\"inLanguage\":\"fr-FR\",\"potentialAction\":[{\"@type\":\"ReadAction\",\"target\":[\"https:\\\/\\\/nobelpool.be\\\/nobel-construct\\\/bubbelbaden\\\/\"]}]},{\"@type\":\"BreadcrumbList\",\"@id\":\"https:\\\/\\\/nobelpool.be\\\/nobel-construct\\\/bubbelbaden\\\/#breadcrumb\",\"itemListElement\":[{\"@type\":\"ListItem\",\"position\":1,\"name\":\"Home\",\"item\":\"https:\\\/\\\/nobelpool.be\\\/fr\\\/\"},{\"@type\":\"ListItem\",\"position\":2,\"name\":\"Nobel Construct\",\"item\":\"https:\\\/\\\/nobelpool.be\\\/nobel-construct\\\/\"},{\"@type\":\"ListItem\",\"position\":3,\"name\":\"Bains \u00e0 bulles\"}]},{\"@type\":\"WebSite\",\"@id\":\"https:\\\/\\\/nobelpool.be\\\/#website\",\"url\":\"https:\\\/\\\/nobelpool.be\\\/\",\"name\":\"Nobel Pool\",\"description\":\"Construct, Cleaning, Garden\",\"potentialAction\":[{\"@type\":\"SearchAction\",\"target\":{\"@type\":\"EntryPoint\",\"urlTemplate\":\"https:\\\/\\\/nobelpool.be\\\/?s={search_term_string}\"},\"query-input\":{\"@type\":\"PropertyValueSpecification\",\"valueRequired\":true,\"valueName\":\"search_term_string\"}}],\"inLanguage\":\"fr-FR\"}]}<\/script>\n<!-- \/ Yoast SEO plugin. -->","yoast_head_json":{"title":"Bains \u00e0 bulles - Nobel Pool","robots":{"index":"index","follow":"follow","max-snippet":"max-snippet:-1","max-image-preview":"max-image-preview:large","max-video-preview":"max-video-preview:-1"},"canonical":"https:\/\/nobelpool.be\/nobel-construct\/bubbelbaden\/","og_locale":"fr_FR","og_type":"article","og_title":"Bains \u00e0 bulles - Nobel Pool","og_description":"Construction de votre bain \u00e0 bulles Un bain \u00e0 bulles ou jacuzzi combine le plaisir d\u2019un bain chaud \u00e0 un massage \u00e0 bulles d\u2019air et d\u2019eau. L\u2019eau chaude et l\u2019hydromassage am\u00e9liorent la circulation sanguine, calment les articulations douloureuses et permettent l\u2019\u00e9vacuation des toxines de l\u2019organisme. Ce bain bouillonnant vous envahit d\u2019une d\u00e9licieuse sensation de d\u00e9tente [&hellip;]","og_url":"https:\/\/nobelpool.be\/nobel-construct\/bubbelbaden\/","og_site_name":"Nobel Pool","twitter_misc":{"Dur\u00e9e de lecture estim\u00e9e":"1 minute"},"schema":{"@context":"https:\/\/schema.org","@graph":[{"@type":"WebPage","@id":"https:\/\/nobelpool.be\/nobel-construct\/bubbelbaden\/","url":"https:\/\/nobelpool.be\/nobel-construct\/bubbelbaden\/","name":"Bains \u00e0 bulles - Nobel Pool","isPartOf":{"@id":"https:\/\/nobelpool.be\/#website"},"datePublished":"2011-02-14T11:29:18+00:00","breadcrumb":{"@id":"https:\/\/nobelpool.be\/nobel-construct\/bubbelbaden\/#breadcrumb"},"inLanguage":"fr-FR","potentialAction":[{"@type":"ReadAction","target":["https:\/\/nobelpool.be\/nobel-construct\/bubbelbaden\/"]}]},{"@type":"BreadcrumbList","@id":"https:\/\/nobelpool.be\/nobel-construct\/bubbelbaden\/#breadcrumb","itemListElement":[{"@type":"ListItem","position":1,"name":"Home","item":"https:\/\/nobelpool.be\/fr\/"},{"@type":"ListItem","position":2,"name":"Nobel Construct","item":"https:\/\/nobelpool.be\/nobel-construct\/"},{"@type":"ListItem","position":3,"name":"Bains \u00e0 bulles"}]},{"@type":"WebSite","@id":"https:\/\/nobelpool.be\/#website","url":"https:\/\/nobelpool.be\/","name":"Nobel Pool","description":"Construct, Cleaning, Garden","potentialAction":[{"@type":"SearchAction","target":{"@type":"EntryPoint","urlTemplate":"https:\/\/nobelpool.be\/?s={search_term_string}"},"query-input":{"@type":"PropertyValueSpecification","valueRequired":true,"valueName":"search_term_string"}}],"inLanguage":"fr-FR"}]}},"_links":{"self":[{"href":"https:\/\/nobelpool.be\/fr\/wp-json\/wp\/v2\/pages\/377","targetHints":{"allow":["GET"]}}],"collection":[{"href":"https:\/\/nobelpool.be\/fr\/wp-json\/wp\/v2\/pages"}],"about":[{"href":"https:\/\/nobelpool.be\/fr\/wp-json\/wp\/v2\/types\/page"}],"author":[{"embeddable":true,"href":"https:\/\/nobelpool.be\/fr\/wp-json\/wp\/v2\/users\/1"}],"replies":[{"embeddable":true,"href":"https:\/\/nobelpool.be\/fr\/wp-json\/wp\/v2\/comments?post=377"}],"version-history":[{"count":1,"href":"https:\/\/nobelpool.be\/fr\/wp-json\/wp\/v2\/pages\/377\/revisions"}],"predecessor-version":[{"id":378,"href":"https:\/\/nobelpool.be\/fr\/wp-json\/wp\/v2\/pages\/377\/revisions\/378"}],"up":[{"embeddable":true,"href":"https:\/\/nobelpool.be\/fr\/wp-json\/wp\/v2\/pages\/274"}],"wp:attachment":[{"href":"https:\/\/nobelpool.be\/fr\/wp-json\/wp\/v2\/media?parent=377"}],"curies":[{"name":"wp","href":"https:\/\/api.w.org\/{rel}","templated":true}]}}