{"id":382,"date":"2011-02-14T12:30:48","date_gmt":"2011-02-14T11:30:48","guid":{"rendered":"https:\/\/www.nobelpool.be\/"},"modified":"2011-02-14T12:30:48","modified_gmt":"2011-02-14T11:30:48","slug":"hammams","status":"publish","type":"page","link":"https:\/\/nobelpool.be\/fr\/nobel-construct-3\/hammams\/","title":{"rendered":"Hammams"},"content":{"rendered":"<p>ngg_shortcode_0_placeholder<\/p>\n<p><strong>Construction de hammams<\/strong><\/p>\n<p>Dans le respect des traditions ancestrales, Nobel Pool fabrique \u00e9galement des\u00a0 hammams en mosa\u00efque de p\u00e2te de verre, en marbre, en \u00e9maux de Briare, etc. avec frises et motifs au choix, en fonction de votre propre go\u00fbt.<\/p>\n<p>Accordez-vous un moment de d\u00e9tente et profitez d\u2019un v\u00e9ritable bain de vapeur aux huiles essentielles. Son effet bienfaisant est id\u00e9al pour les voies respiratoires, la circulation sanguine ainsi que les douleurs musculaires.<\/p>\n<p>Un hammam n\u2019est pas seulement sain, il vous offre \u00e9galement la possibilit\u00e9 de vous \u00e9vader. Pour un effet optimal, optez pour un ciel \u00e9toil\u00e9 en fibres optiques.<\/p>\n","protected":false},"excerpt":{"rendered":"<p>Construction de hammams Dans le respect des traditions ancestrales, Nobel Pool fabrique \u00e9galement des\u00a0 hammams en mosa\u00efque de p\u00e2te de verre, en marbre, en \u00e9maux de Briare, etc. avec frises et motifs au choix, en fonction de votre propre go\u00fbt. Accordez-vous un moment de d\u00e9tente et profitez d\u2019un v\u00e9ritable bain de vapeur aux huiles essentielles. [&hellip;]<\/p>\n","protected":false},"author":1,"featured_media":0,"parent":274,"menu_order":3,"comment_status":"open","ping_status":"closed","template":"","meta":{"ngg_post_thumbnail":0,"footnotes":"","_links_to":"","_links_to_target":""},"class_list":["post-382","page","type-page","status-publish","hentry"],"yoast_head":"<!-- This site is optimized with the Yoast SEO plugin v27.4 - https:\/\/yoast.com\/product\/yoast-seo-wordpress\/ -->\n<title>Hammams - Nobel Pool<\/title>\n<meta name=\"robots\" content=\"index, follow, max-snippet:-1, max-image-preview:large, max-video-preview:-1\" \/>\n<link rel=\"canonical\" href=\"https:\/\/nobelpool.be\/nobel-construct\/hammams\/\" \/>\n<meta property=\"og:locale\" content=\"fr_FR\" \/>\n<meta property=\"og:type\" content=\"article\" \/>\n<meta property=\"og:title\" content=\"Hammams - Nobel Pool\" \/>\n<meta property=\"og:description\" content=\"Construction de hammams Dans le respect des traditions ancestrales, Nobel Pool fabrique \u00e9galement des\u00a0 hammams en mosa\u00efque de p\u00e2te de verre, en marbre, en \u00e9maux de Briare, etc. avec frises et motifs au choix, en fonction de votre propre go\u00fbt. Accordez-vous un moment de d\u00e9tente et profitez d\u2019un v\u00e9ritable bain de vapeur aux huiles essentielles. [&hellip;]\" \/>\n<meta property=\"og:url\" content=\"https:\/\/nobelpool.be\/nobel-construct\/hammams\/\" \/>\n<meta property=\"og:site_name\" content=\"Nobel Pool\" \/>\n<meta name=\"twitter:label1\" content=\"Dur\u00e9e de lecture estim\u00e9e\" \/>\n\t<meta name=\"twitter:data1\" content=\"1 minute\" \/>\n<script type=\"application\/ld+json\" class=\"yoast-schema-graph\">{\"@context\":\"https:\\\/\\\/schema.org\",\"@graph\":[{\"@type\":\"WebPage\",\"@id\":\"https:\\\/\\\/nobelpool.be\\\/nobel-construct\\\/hammams\\\/\",\"url\":\"https:\\\/\\\/nobelpool.be\\\/nobel-construct\\\/hammams\\\/\",\"name\":\"Hammams - Nobel Pool\",\"isPartOf\":{\"@id\":\"https:\\\/\\\/nobelpool.be\\\/#website\"},\"datePublished\":\"2011-02-14T11:30:48+00:00\",\"breadcrumb\":{\"@id\":\"https:\\\/\\\/nobelpool.be\\\/nobel-construct\\\/hammams\\\/#breadcrumb\"},\"inLanguage\":\"fr-FR\",\"potentialAction\":[{\"@type\":\"ReadAction\",\"target\":[\"https:\\\/\\\/nobelpool.be\\\/nobel-construct\\\/hammams\\\/\"]}]},{\"@type\":\"BreadcrumbList\",\"@id\":\"https:\\\/\\\/nobelpool.be\\\/nobel-construct\\\/hammams\\\/#breadcrumb\",\"itemListElement\":[{\"@type\":\"ListItem\",\"position\":1,\"name\":\"Home\",\"item\":\"https:\\\/\\\/nobelpool.be\\\/fr\\\/\"},{\"@type\":\"ListItem\",\"position\":2,\"name\":\"Nobel Construct\",\"item\":\"https:\\\/\\\/nobelpool.be\\\/nobel-construct\\\/\"},{\"@type\":\"ListItem\",\"position\":3,\"name\":\"Hammams\"}]},{\"@type\":\"WebSite\",\"@id\":\"https:\\\/\\\/nobelpool.be\\\/#website\",\"url\":\"https:\\\/\\\/nobelpool.be\\\/\",\"name\":\"Nobel Pool\",\"description\":\"Construct, Cleaning, Garden\",\"potentialAction\":[{\"@type\":\"SearchAction\",\"target\":{\"@type\":\"EntryPoint\",\"urlTemplate\":\"https:\\\/\\\/nobelpool.be\\\/?s={search_term_string}\"},\"query-input\":{\"@type\":\"PropertyValueSpecification\",\"valueRequired\":true,\"valueName\":\"search_term_string\"}}],\"inLanguage\":\"fr-FR\"}]}<\/script>\n<!-- \/ Yoast SEO plugin. -->","yoast_head_json":{"title":"Hammams - Nobel Pool","robots":{"index":"index","follow":"follow","max-snippet":"max-snippet:-1","max-image-preview":"max-image-preview:large","max-video-preview":"max-video-preview:-1"},"canonical":"https:\/\/nobelpool.be\/nobel-construct\/hammams\/","og_locale":"fr_FR","og_type":"article","og_title":"Hammams - Nobel Pool","og_description":"Construction de hammams Dans le respect des traditions ancestrales, Nobel Pool fabrique \u00e9galement des\u00a0 hammams en mosa\u00efque de p\u00e2te de verre, en marbre, en \u00e9maux de Briare, etc. avec frises et motifs au choix, en fonction de votre propre go\u00fbt. Accordez-vous un moment de d\u00e9tente et profitez d\u2019un v\u00e9ritable bain de vapeur aux huiles essentielles. [&hellip;]","og_url":"https:\/\/nobelpool.be\/nobel-construct\/hammams\/","og_site_name":"Nobel Pool","twitter_misc":{"Dur\u00e9e de lecture estim\u00e9e":"1 minute"},"schema":{"@context":"https:\/\/schema.org","@graph":[{"@type":"WebPage","@id":"https:\/\/nobelpool.be\/nobel-construct\/hammams\/","url":"https:\/\/nobelpool.be\/nobel-construct\/hammams\/","name":"Hammams - Nobel Pool","isPartOf":{"@id":"https:\/\/nobelpool.be\/#website"},"datePublished":"2011-02-14T11:30:48+00:00","breadcrumb":{"@id":"https:\/\/nobelpool.be\/nobel-construct\/hammams\/#breadcrumb"},"inLanguage":"fr-FR","potentialAction":[{"@type":"ReadAction","target":["https:\/\/nobelpool.be\/nobel-construct\/hammams\/"]}]},{"@type":"BreadcrumbList","@id":"https:\/\/nobelpool.be\/nobel-construct\/hammams\/#breadcrumb","itemListElement":[{"@type":"ListItem","position":1,"name":"Home","item":"https:\/\/nobelpool.be\/fr\/"},{"@type":"ListItem","position":2,"name":"Nobel Construct","item":"https:\/\/nobelpool.be\/nobel-construct\/"},{"@type":"ListItem","position":3,"name":"Hammams"}]},{"@type":"WebSite","@id":"https:\/\/nobelpool.be\/#website","url":"https:\/\/nobelpool.be\/","name":"Nobel Pool","description":"Construct, Cleaning, Garden","potentialAction":[{"@type":"SearchAction","target":{"@type":"EntryPoint","urlTemplate":"https:\/\/nobelpool.be\/?s={search_term_string}"},"query-input":{"@type":"PropertyValueSpecification","valueRequired":true,"valueName":"search_term_string"}}],"inLanguage":"fr-FR"}]}},"_links":{"self":[{"href":"https:\/\/nobelpool.be\/fr\/wp-json\/wp\/v2\/pages\/382","targetHints":{"allow":["GET"]}}],"collection":[{"href":"https:\/\/nobelpool.be\/fr\/wp-json\/wp\/v2\/pages"}],"about":[{"href":"https:\/\/nobelpool.be\/fr\/wp-json\/wp\/v2\/types\/page"}],"author":[{"embeddable":true,"href":"https:\/\/nobelpool.be\/fr\/wp-json\/wp\/v2\/users\/1"}],"replies":[{"embeddable":true,"href":"https:\/\/nobelpool.be\/fr\/wp-json\/wp\/v2\/comments?post=382"}],"version-history":[{"count":1,"href":"https:\/\/nobelpool.be\/fr\/wp-json\/wp\/v2\/pages\/382\/revisions"}],"predecessor-version":[{"id":383,"href":"https:\/\/nobelpool.be\/fr\/wp-json\/wp\/v2\/pages\/382\/revisions\/383"}],"up":[{"embeddable":true,"href":"https:\/\/nobelpool.be\/fr\/wp-json\/wp\/v2\/pages\/274"}],"wp:attachment":[{"href":"https:\/\/nobelpool.be\/fr\/wp-json\/wp\/v2\/media?parent=382"}],"curies":[{"name":"wp","href":"https:\/\/api.w.org\/{rel}","templated":true}]}}