{"id":384,"date":"2011-02-14T12:31:39","date_gmt":"2011-02-14T11:31:39","guid":{"rendered":"https:\/\/www.nobelpool.be\/"},"modified":"2011-02-14T12:31:39","modified_gmt":"2011-02-14T11:31:39","slug":"saunas","status":"publish","type":"page","link":"https:\/\/nobelpool.be\/fr\/nobel-construct-3\/saunas\/","title":{"rendered":"Saunas"},"content":{"rendered":"<p>ngg_shortcode_0_placeholder<\/p>\n<p>Laissez-vous aller au plaisir de la chaleur bienfaisante du sauna et profitez d\u2019un moment de d\u00e9tente. Le syst\u00e8me de circulation d\u2019air favorise une bonne respiration et \u00e9vacue votre stress au quotidien.<\/p>\n<p>Chaque endroit de votre maison ou de votre jardin peut accueillir un sauna ou un biosauna. Tous nos mod\u00e8les sont fabriqu\u00e9s sur mesure, en fonction de vos d\u00e9sid\u00e9ratas. Nos saunas de premi\u00e8re qualit\u00e9 pr\u00e9sentent une structure robuste et satisfont aux normes de s\u00e9curit\u00e9.<\/p>\n<p>Nous travaillons avec des marques r\u00e9put\u00e9es afin de vous garantir un parfait contr\u00f4le de la temp\u00e9rature et une consommation \u00e9conomique.<\/p>\n","protected":false},"excerpt":{"rendered":"<p>Laissez-vous aller au plaisir de la chaleur bienfaisante du sauna et profitez d\u2019un moment de d\u00e9tente. Le syst\u00e8me de circulation d\u2019air favorise une bonne respiration et \u00e9vacue votre stress au quotidien. Chaque endroit de votre maison ou de votre jardin peut accueillir un sauna ou un biosauna. Tous nos mod\u00e8les sont fabriqu\u00e9s sur mesure, en [&hellip;]<\/p>\n","protected":false},"author":1,"featured_media":0,"parent":274,"menu_order":4,"comment_status":"open","ping_status":"closed","template":"","meta":{"ngg_post_thumbnail":0,"footnotes":"","_links_to":"","_links_to_target":""},"class_list":["post-384","page","type-page","status-publish","hentry"],"yoast_head":"<!-- This site is optimized with the Yoast SEO plugin v27.4 - https:\/\/yoast.com\/product\/yoast-seo-wordpress\/ -->\n<title>Saunas - Nobel Pool<\/title>\n<meta name=\"robots\" content=\"index, follow, max-snippet:-1, max-image-preview:large, max-video-preview:-1\" \/>\n<link rel=\"canonical\" href=\"https:\/\/nobelpool.be\/nobel-construct\/saunas\/\" \/>\n<meta property=\"og:locale\" content=\"fr_FR\" \/>\n<meta property=\"og:type\" content=\"article\" \/>\n<meta property=\"og:title\" content=\"Saunas - Nobel Pool\" \/>\n<meta property=\"og:description\" content=\"Laissez-vous aller au plaisir de la chaleur bienfaisante du sauna et profitez d\u2019un moment de d\u00e9tente. Le syst\u00e8me de circulation d\u2019air favorise une bonne respiration et \u00e9vacue votre stress au quotidien. Chaque endroit de votre maison ou de votre jardin peut accueillir un sauna ou un biosauna. Tous nos mod\u00e8les sont fabriqu\u00e9s sur mesure, en [&hellip;]\" \/>\n<meta property=\"og:url\" content=\"https:\/\/nobelpool.be\/nobel-construct\/saunas\/\" \/>\n<meta property=\"og:site_name\" content=\"Nobel Pool\" \/>\n<meta name=\"twitter:label1\" content=\"Dur\u00e9e de lecture estim\u00e9e\" \/>\n\t<meta name=\"twitter:data1\" content=\"1 minute\" \/>\n<script type=\"application\/ld+json\" class=\"yoast-schema-graph\">{\"@context\":\"https:\\\/\\\/schema.org\",\"@graph\":[{\"@type\":\"WebPage\",\"@id\":\"https:\\\/\\\/nobelpool.be\\\/nobel-construct\\\/saunas\\\/\",\"url\":\"https:\\\/\\\/nobelpool.be\\\/nobel-construct\\\/saunas\\\/\",\"name\":\"Saunas - Nobel Pool\",\"isPartOf\":{\"@id\":\"https:\\\/\\\/nobelpool.be\\\/#website\"},\"datePublished\":\"2011-02-14T11:31:39+00:00\",\"breadcrumb\":{\"@id\":\"https:\\\/\\\/nobelpool.be\\\/nobel-construct\\\/saunas\\\/#breadcrumb\"},\"inLanguage\":\"fr-FR\",\"potentialAction\":[{\"@type\":\"ReadAction\",\"target\":[\"https:\\\/\\\/nobelpool.be\\\/nobel-construct\\\/saunas\\\/\"]}]},{\"@type\":\"BreadcrumbList\",\"@id\":\"https:\\\/\\\/nobelpool.be\\\/nobel-construct\\\/saunas\\\/#breadcrumb\",\"itemListElement\":[{\"@type\":\"ListItem\",\"position\":1,\"name\":\"Home\",\"item\":\"https:\\\/\\\/nobelpool.be\\\/fr\\\/\"},{\"@type\":\"ListItem\",\"position\":2,\"name\":\"Nobel Construct\",\"item\":\"https:\\\/\\\/nobelpool.be\\\/nobel-construct\\\/\"},{\"@type\":\"ListItem\",\"position\":3,\"name\":\"Saunas\"}]},{\"@type\":\"WebSite\",\"@id\":\"https:\\\/\\\/nobelpool.be\\\/#website\",\"url\":\"https:\\\/\\\/nobelpool.be\\\/\",\"name\":\"Nobel Pool\",\"description\":\"Construct, Cleaning, Garden\",\"potentialAction\":[{\"@type\":\"SearchAction\",\"target\":{\"@type\":\"EntryPoint\",\"urlTemplate\":\"https:\\\/\\\/nobelpool.be\\\/?s={search_term_string}\"},\"query-input\":{\"@type\":\"PropertyValueSpecification\",\"valueRequired\":true,\"valueName\":\"search_term_string\"}}],\"inLanguage\":\"fr-FR\"}]}<\/script>\n<!-- \/ Yoast SEO plugin. -->","yoast_head_json":{"title":"Saunas - Nobel Pool","robots":{"index":"index","follow":"follow","max-snippet":"max-snippet:-1","max-image-preview":"max-image-preview:large","max-video-preview":"max-video-preview:-1"},"canonical":"https:\/\/nobelpool.be\/nobel-construct\/saunas\/","og_locale":"fr_FR","og_type":"article","og_title":"Saunas - Nobel Pool","og_description":"Laissez-vous aller au plaisir de la chaleur bienfaisante du sauna et profitez d\u2019un moment de d\u00e9tente. Le syst\u00e8me de circulation d\u2019air favorise une bonne respiration et \u00e9vacue votre stress au quotidien. Chaque endroit de votre maison ou de votre jardin peut accueillir un sauna ou un biosauna. Tous nos mod\u00e8les sont fabriqu\u00e9s sur mesure, en [&hellip;]","og_url":"https:\/\/nobelpool.be\/nobel-construct\/saunas\/","og_site_name":"Nobel Pool","twitter_misc":{"Dur\u00e9e de lecture estim\u00e9e":"1 minute"},"schema":{"@context":"https:\/\/schema.org","@graph":[{"@type":"WebPage","@id":"https:\/\/nobelpool.be\/nobel-construct\/saunas\/","url":"https:\/\/nobelpool.be\/nobel-construct\/saunas\/","name":"Saunas - Nobel Pool","isPartOf":{"@id":"https:\/\/nobelpool.be\/#website"},"datePublished":"2011-02-14T11:31:39+00:00","breadcrumb":{"@id":"https:\/\/nobelpool.be\/nobel-construct\/saunas\/#breadcrumb"},"inLanguage":"fr-FR","potentialAction":[{"@type":"ReadAction","target":["https:\/\/nobelpool.be\/nobel-construct\/saunas\/"]}]},{"@type":"BreadcrumbList","@id":"https:\/\/nobelpool.be\/nobel-construct\/saunas\/#breadcrumb","itemListElement":[{"@type":"ListItem","position":1,"name":"Home","item":"https:\/\/nobelpool.be\/fr\/"},{"@type":"ListItem","position":2,"name":"Nobel Construct","item":"https:\/\/nobelpool.be\/nobel-construct\/"},{"@type":"ListItem","position":3,"name":"Saunas"}]},{"@type":"WebSite","@id":"https:\/\/nobelpool.be\/#website","url":"https:\/\/nobelpool.be\/","name":"Nobel Pool","description":"Construct, Cleaning, Garden","potentialAction":[{"@type":"SearchAction","target":{"@type":"EntryPoint","urlTemplate":"https:\/\/nobelpool.be\/?s={search_term_string}"},"query-input":{"@type":"PropertyValueSpecification","valueRequired":true,"valueName":"search_term_string"}}],"inLanguage":"fr-FR"}]}},"_links":{"self":[{"href":"https:\/\/nobelpool.be\/fr\/wp-json\/wp\/v2\/pages\/384","targetHints":{"allow":["GET"]}}],"collection":[{"href":"https:\/\/nobelpool.be\/fr\/wp-json\/wp\/v2\/pages"}],"about":[{"href":"https:\/\/nobelpool.be\/fr\/wp-json\/wp\/v2\/types\/page"}],"author":[{"embeddable":true,"href":"https:\/\/nobelpool.be\/fr\/wp-json\/wp\/v2\/users\/1"}],"replies":[{"embeddable":true,"href":"https:\/\/nobelpool.be\/fr\/wp-json\/wp\/v2\/comments?post=384"}],"version-history":[{"count":1,"href":"https:\/\/nobelpool.be\/fr\/wp-json\/wp\/v2\/pages\/384\/revisions"}],"predecessor-version":[{"id":385,"href":"https:\/\/nobelpool.be\/fr\/wp-json\/wp\/v2\/pages\/384\/revisions\/385"}],"up":[{"embeddable":true,"href":"https:\/\/nobelpool.be\/fr\/wp-json\/wp\/v2\/pages\/274"}],"wp:attachment":[{"href":"https:\/\/nobelpool.be\/fr\/wp-json\/wp\/v2\/media?parent=384"}],"curies":[{"name":"wp","href":"https:\/\/api.w.org\/{rel}","templated":true}]}}