{"id":388,"date":"2011-02-14T12:33:16","date_gmt":"2011-02-14T11:33:16","guid":{"rendered":"https:\/\/www.nobelpool.be\/"},"modified":"2011-02-14T12:33:16","modified_gmt":"2011-02-14T11:33:16","slug":"pool-houses","status":"publish","type":"page","link":"https:\/\/nobelpool.be\/fr\/nobel-construct-3\/pool-houses\/","title":{"rendered":"Pool houses"},"content":{"rendered":"<p>ngg_shortcode_0_placeholder<\/p>\n<p><strong>Tout le confort \u00e0 proximit\u00e9 de votre piscine<\/strong><\/p>\n<p>La <em>pool house<\/em> peut \u00eatre con\u00e7ue de diverses fa\u00e7ons et peut \u00eatre parfaitement adapt\u00e9e \u00e0 l\u2019architecture de votre maison. Elle peut se pr\u00e9senter sous forme de chalet en bois ou avec une construction traditionnelle : \u00e9quip\u00e9e d\u2019un sauna, d\u2019une douche, d\u2019un barbecue, etc.<\/p>\n<p>Nobel Pool con\u00e7oit et fabrique votre <em>pool house<\/em> id\u00e9ale, qui correspond au moindre de vos d\u00e9sid\u00e9ratas. Nous vous dispensons \u00e9galement des conseils professionnels pour que votre <em>pool house<\/em> soit en parfaite harmonie avec votre piscine, votre terrasse et votre jardin. Nous examinons votre projet de A \u00e0 Z pour que le r\u00e9sultat final vous comble parfaitement.<\/p>\n","protected":false},"excerpt":{"rendered":"<p>Tout le confort \u00e0 proximit\u00e9 de votre piscine La pool house peut \u00eatre con\u00e7ue de diverses fa\u00e7ons et peut \u00eatre parfaitement adapt\u00e9e \u00e0 l\u2019architecture de votre maison. Elle peut se pr\u00e9senter sous forme de chalet en bois ou avec une construction traditionnelle : \u00e9quip\u00e9e d\u2019un sauna, d\u2019une douche, d\u2019un barbecue, etc. Nobel Pool con\u00e7oit et [&hellip;]<\/p>\n","protected":false},"author":1,"featured_media":0,"parent":274,"menu_order":5,"comment_status":"open","ping_status":"closed","template":"","meta":{"ngg_post_thumbnail":0,"footnotes":"","_links_to":"","_links_to_target":""},"class_list":["post-388","page","type-page","status-publish","hentry"],"yoast_head":"<!-- This site is optimized with the Yoast SEO plugin v27.4 - https:\/\/yoast.com\/product\/yoast-seo-wordpress\/ -->\n<title>Pool houses - Nobel Pool<\/title>\n<meta name=\"robots\" content=\"index, follow, max-snippet:-1, max-image-preview:large, max-video-preview:-1\" \/>\n<link rel=\"canonical\" href=\"https:\/\/nobelpool.be\/nobel-construct\/pool-houses\/\" \/>\n<meta property=\"og:locale\" content=\"fr_FR\" \/>\n<meta property=\"og:type\" content=\"article\" \/>\n<meta property=\"og:title\" content=\"Pool houses - Nobel Pool\" \/>\n<meta property=\"og:description\" content=\"Tout le confort \u00e0 proximit\u00e9 de votre piscine La pool house peut \u00eatre con\u00e7ue de diverses fa\u00e7ons et peut \u00eatre parfaitement adapt\u00e9e \u00e0 l\u2019architecture de votre maison. Elle peut se pr\u00e9senter sous forme de chalet en bois ou avec une construction traditionnelle : \u00e9quip\u00e9e d\u2019un sauna, d\u2019une douche, d\u2019un barbecue, etc. Nobel Pool con\u00e7oit et [&hellip;]\" \/>\n<meta property=\"og:url\" content=\"https:\/\/nobelpool.be\/nobel-construct\/pool-houses\/\" \/>\n<meta property=\"og:site_name\" content=\"Nobel Pool\" \/>\n<meta name=\"twitter:label1\" content=\"Dur\u00e9e de lecture estim\u00e9e\" \/>\n\t<meta name=\"twitter:data1\" content=\"1 minute\" \/>\n<script type=\"application\/ld+json\" class=\"yoast-schema-graph\">{\"@context\":\"https:\\\/\\\/schema.org\",\"@graph\":[{\"@type\":\"WebPage\",\"@id\":\"https:\\\/\\\/nobelpool.be\\\/nobel-construct\\\/pool-houses\\\/\",\"url\":\"https:\\\/\\\/nobelpool.be\\\/nobel-construct\\\/pool-houses\\\/\",\"name\":\"Pool houses - Nobel Pool\",\"isPartOf\":{\"@id\":\"https:\\\/\\\/nobelpool.be\\\/#website\"},\"datePublished\":\"2011-02-14T11:33:16+00:00\",\"breadcrumb\":{\"@id\":\"https:\\\/\\\/nobelpool.be\\\/nobel-construct\\\/pool-houses\\\/#breadcrumb\"},\"inLanguage\":\"fr-FR\",\"potentialAction\":[{\"@type\":\"ReadAction\",\"target\":[\"https:\\\/\\\/nobelpool.be\\\/nobel-construct\\\/pool-houses\\\/\"]}]},{\"@type\":\"BreadcrumbList\",\"@id\":\"https:\\\/\\\/nobelpool.be\\\/nobel-construct\\\/pool-houses\\\/#breadcrumb\",\"itemListElement\":[{\"@type\":\"ListItem\",\"position\":1,\"name\":\"Home\",\"item\":\"https:\\\/\\\/nobelpool.be\\\/fr\\\/\"},{\"@type\":\"ListItem\",\"position\":2,\"name\":\"Nobel Construct\",\"item\":\"https:\\\/\\\/nobelpool.be\\\/nobel-construct\\\/\"},{\"@type\":\"ListItem\",\"position\":3,\"name\":\"Pool houses\"}]},{\"@type\":\"WebSite\",\"@id\":\"https:\\\/\\\/nobelpool.be\\\/#website\",\"url\":\"https:\\\/\\\/nobelpool.be\\\/\",\"name\":\"Nobel Pool\",\"description\":\"Construct, Cleaning, Garden\",\"potentialAction\":[{\"@type\":\"SearchAction\",\"target\":{\"@type\":\"EntryPoint\",\"urlTemplate\":\"https:\\\/\\\/nobelpool.be\\\/?s={search_term_string}\"},\"query-input\":{\"@type\":\"PropertyValueSpecification\",\"valueRequired\":true,\"valueName\":\"search_term_string\"}}],\"inLanguage\":\"fr-FR\"}]}<\/script>\n<!-- \/ Yoast SEO plugin. -->","yoast_head_json":{"title":"Pool houses - Nobel Pool","robots":{"index":"index","follow":"follow","max-snippet":"max-snippet:-1","max-image-preview":"max-image-preview:large","max-video-preview":"max-video-preview:-1"},"canonical":"https:\/\/nobelpool.be\/nobel-construct\/pool-houses\/","og_locale":"fr_FR","og_type":"article","og_title":"Pool houses - Nobel Pool","og_description":"Tout le confort \u00e0 proximit\u00e9 de votre piscine La pool house peut \u00eatre con\u00e7ue de diverses fa\u00e7ons et peut \u00eatre parfaitement adapt\u00e9e \u00e0 l\u2019architecture de votre maison. Elle peut se pr\u00e9senter sous forme de chalet en bois ou avec une construction traditionnelle : \u00e9quip\u00e9e d\u2019un sauna, d\u2019une douche, d\u2019un barbecue, etc. Nobel Pool con\u00e7oit et [&hellip;]","og_url":"https:\/\/nobelpool.be\/nobel-construct\/pool-houses\/","og_site_name":"Nobel Pool","twitter_misc":{"Dur\u00e9e de lecture estim\u00e9e":"1 minute"},"schema":{"@context":"https:\/\/schema.org","@graph":[{"@type":"WebPage","@id":"https:\/\/nobelpool.be\/nobel-construct\/pool-houses\/","url":"https:\/\/nobelpool.be\/nobel-construct\/pool-houses\/","name":"Pool houses - Nobel Pool","isPartOf":{"@id":"https:\/\/nobelpool.be\/#website"},"datePublished":"2011-02-14T11:33:16+00:00","breadcrumb":{"@id":"https:\/\/nobelpool.be\/nobel-construct\/pool-houses\/#breadcrumb"},"inLanguage":"fr-FR","potentialAction":[{"@type":"ReadAction","target":["https:\/\/nobelpool.be\/nobel-construct\/pool-houses\/"]}]},{"@type":"BreadcrumbList","@id":"https:\/\/nobelpool.be\/nobel-construct\/pool-houses\/#breadcrumb","itemListElement":[{"@type":"ListItem","position":1,"name":"Home","item":"https:\/\/nobelpool.be\/fr\/"},{"@type":"ListItem","position":2,"name":"Nobel Construct","item":"https:\/\/nobelpool.be\/nobel-construct\/"},{"@type":"ListItem","position":3,"name":"Pool houses"}]},{"@type":"WebSite","@id":"https:\/\/nobelpool.be\/#website","url":"https:\/\/nobelpool.be\/","name":"Nobel Pool","description":"Construct, Cleaning, Garden","potentialAction":[{"@type":"SearchAction","target":{"@type":"EntryPoint","urlTemplate":"https:\/\/nobelpool.be\/?s={search_term_string}"},"query-input":{"@type":"PropertyValueSpecification","valueRequired":true,"valueName":"search_term_string"}}],"inLanguage":"fr-FR"}]}},"_links":{"self":[{"href":"https:\/\/nobelpool.be\/fr\/wp-json\/wp\/v2\/pages\/388","targetHints":{"allow":["GET"]}}],"collection":[{"href":"https:\/\/nobelpool.be\/fr\/wp-json\/wp\/v2\/pages"}],"about":[{"href":"https:\/\/nobelpool.be\/fr\/wp-json\/wp\/v2\/types\/page"}],"author":[{"embeddable":true,"href":"https:\/\/nobelpool.be\/fr\/wp-json\/wp\/v2\/users\/1"}],"replies":[{"embeddable":true,"href":"https:\/\/nobelpool.be\/fr\/wp-json\/wp\/v2\/comments?post=388"}],"version-history":[{"count":1,"href":"https:\/\/nobelpool.be\/fr\/wp-json\/wp\/v2\/pages\/388\/revisions"}],"predecessor-version":[{"id":389,"href":"https:\/\/nobelpool.be\/fr\/wp-json\/wp\/v2\/pages\/388\/revisions\/389"}],"up":[{"embeddable":true,"href":"https:\/\/nobelpool.be\/fr\/wp-json\/wp\/v2\/pages\/274"}],"wp:attachment":[{"href":"https:\/\/nobelpool.be\/fr\/wp-json\/wp\/v2\/media?parent=388"}],"curies":[{"name":"wp","href":"https:\/\/api.w.org\/{rel}","templated":true}]}}