{"id":408,"date":"2011-02-14T13:21:25","date_gmt":"2011-02-14T12:21:25","guid":{"rendered":"https:\/\/www.nobelpool.be\/"},"modified":"2011-02-14T13:21:25","modified_gmt":"2011-02-14T12:21:25","slug":"amenagement-de-jardin","status":"publish","type":"page","link":"https:\/\/nobelpool.be\/fr\/nobel-garden-3\/amenagement-de-jardin\/","title":{"rendered":"Am\u00e9nagement de jardin"},"content":{"rendered":"<p>ngg_shortcode_0_placeholder<\/p>\n<p class=\"intro\">Quand un jardin a \u00e9t\u00e9 am\u00e9nag\u00e9 par un professionnel, cela saute aux yeux.<\/p>\n<p>Ces activit\u00e9s requi\u00e8rent des sp\u00e9cialistes qui disposent d\u2019une solide formation et qui \u00ab\u00a0plantent leur b\u00eache\u00a0\u00bb selon leurs intuitions professionnelles.<\/p>\n<p>Vous souhaitez que nous transformions votre jardin en un jardin f\u00e9erique ? Ou vous souhaitez confier votre jardin \u00e0 am\u00e9nager aux mains d\u2019un sp\u00e9cialiste professionnel et cr\u00e9atif\u00a0? Nos collaborateurs sont \u00e0 votre service. Ils am\u00e9nagent votre jardin dans les moindres d\u00e9tails. Enti\u00e8rement, selon le concept de jardin convenu.<\/p>\n<p>Travaux de terrassement, pavement ornemental, plantations, \u00e9tangs, terrasses, \u00e9clairages de jardin ou abris de jardin : Nobel Garden se porte garant de l\u2019am\u00e9nagement professionnel de votre jardin et am\u00e9nage le jardin qui correspondra \u00e0 vos attentes.<\/p>\n","protected":false},"excerpt":{"rendered":"<p>Quand un jardin a \u00e9t\u00e9 am\u00e9nag\u00e9 par un professionnel, cela saute aux yeux. Ces activit\u00e9s requi\u00e8rent des sp\u00e9cialistes qui disposent d\u2019une solide formation et qui \u00ab\u00a0plantent leur b\u00eache\u00a0\u00bb selon leurs intuitions professionnelles. Vous souhaitez que nous transformions votre jardin en un jardin f\u00e9erique ? Ou vous souhaitez confier votre jardin \u00e0 am\u00e9nager aux mains d\u2019un [&hellip;]<\/p>\n","protected":false},"author":1,"featured_media":0,"parent":286,"menu_order":0,"comment_status":"open","ping_status":"closed","template":"","meta":{"ngg_post_thumbnail":0,"footnotes":"","_links_to":"","_links_to_target":""},"class_list":["post-408","page","type-page","status-publish","hentry"],"yoast_head":"<!-- This site is optimized with the Yoast SEO plugin v27.4 - https:\/\/yoast.com\/product\/yoast-seo-wordpress\/ -->\n<title>Am\u00e9nagement de jardin - Nobel Pool<\/title>\n<meta name=\"robots\" content=\"index, follow, max-snippet:-1, max-image-preview:large, max-video-preview:-1\" \/>\n<link rel=\"canonical\" href=\"https:\/\/nobelpool.be\/nobel-garden\/tuinaanleg\/\" \/>\n<meta property=\"og:locale\" content=\"fr_FR\" \/>\n<meta property=\"og:type\" content=\"article\" \/>\n<meta property=\"og:title\" content=\"Am\u00e9nagement de jardin - Nobel Pool\" \/>\n<meta property=\"og:description\" content=\"Quand un jardin a \u00e9t\u00e9 am\u00e9nag\u00e9 par un professionnel, cela saute aux yeux. Ces activit\u00e9s requi\u00e8rent des sp\u00e9cialistes qui disposent d\u2019une solide formation et qui \u00ab\u00a0plantent leur b\u00eache\u00a0\u00bb selon leurs intuitions professionnelles. Vous souhaitez que nous transformions votre jardin en un jardin f\u00e9erique ? Ou vous souhaitez confier votre jardin \u00e0 am\u00e9nager aux mains d\u2019un [&hellip;]\" \/>\n<meta property=\"og:url\" content=\"https:\/\/nobelpool.be\/nobel-garden\/tuinaanleg\/\" \/>\n<meta property=\"og:site_name\" content=\"Nobel Pool\" \/>\n<meta name=\"twitter:label1\" content=\"Dur\u00e9e de lecture estim\u00e9e\" \/>\n\t<meta name=\"twitter:data1\" content=\"1 minute\" \/>\n<script type=\"application\/ld+json\" class=\"yoast-schema-graph\">{\"@context\":\"https:\\\/\\\/schema.org\",\"@graph\":[{\"@type\":\"WebPage\",\"@id\":\"https:\\\/\\\/nobelpool.be\\\/nobel-garden\\\/tuinaanleg\\\/\",\"url\":\"https:\\\/\\\/nobelpool.be\\\/nobel-garden\\\/tuinaanleg\\\/\",\"name\":\"Am\u00e9nagement de jardin - Nobel Pool\",\"isPartOf\":{\"@id\":\"https:\\\/\\\/nobelpool.be\\\/#website\"},\"datePublished\":\"2011-02-14T12:21:25+00:00\",\"breadcrumb\":{\"@id\":\"https:\\\/\\\/nobelpool.be\\\/nobel-garden\\\/tuinaanleg\\\/#breadcrumb\"},\"inLanguage\":\"fr-FR\",\"potentialAction\":[{\"@type\":\"ReadAction\",\"target\":[\"https:\\\/\\\/nobelpool.be\\\/nobel-garden\\\/tuinaanleg\\\/\"]}]},{\"@type\":\"BreadcrumbList\",\"@id\":\"https:\\\/\\\/nobelpool.be\\\/nobel-garden\\\/tuinaanleg\\\/#breadcrumb\",\"itemListElement\":[{\"@type\":\"ListItem\",\"position\":1,\"name\":\"Home\",\"item\":\"https:\\\/\\\/nobelpool.be\\\/fr\\\/\"},{\"@type\":\"ListItem\",\"position\":2,\"name\":\"Nobel Garden\",\"item\":\"https:\\\/\\\/nobelpool.be\\\/fr\\\/nobel-garden-3\\\/\"},{\"@type\":\"ListItem\",\"position\":3,\"name\":\"Am\u00e9nagement de jardin\"}]},{\"@type\":\"WebSite\",\"@id\":\"https:\\\/\\\/nobelpool.be\\\/#website\",\"url\":\"https:\\\/\\\/nobelpool.be\\\/\",\"name\":\"Nobel Pool\",\"description\":\"Construct, Cleaning, Garden\",\"potentialAction\":[{\"@type\":\"SearchAction\",\"target\":{\"@type\":\"EntryPoint\",\"urlTemplate\":\"https:\\\/\\\/nobelpool.be\\\/?s={search_term_string}\"},\"query-input\":{\"@type\":\"PropertyValueSpecification\",\"valueRequired\":true,\"valueName\":\"search_term_string\"}}],\"inLanguage\":\"fr-FR\"}]}<\/script>\n<!-- \/ Yoast SEO plugin. -->","yoast_head_json":{"title":"Am\u00e9nagement de jardin - Nobel Pool","robots":{"index":"index","follow":"follow","max-snippet":"max-snippet:-1","max-image-preview":"max-image-preview:large","max-video-preview":"max-video-preview:-1"},"canonical":"https:\/\/nobelpool.be\/nobel-garden\/tuinaanleg\/","og_locale":"fr_FR","og_type":"article","og_title":"Am\u00e9nagement de jardin - Nobel Pool","og_description":"Quand un jardin a \u00e9t\u00e9 am\u00e9nag\u00e9 par un professionnel, cela saute aux yeux. Ces activit\u00e9s requi\u00e8rent des sp\u00e9cialistes qui disposent d\u2019une solide formation et qui \u00ab\u00a0plantent leur b\u00eache\u00a0\u00bb selon leurs intuitions professionnelles. Vous souhaitez que nous transformions votre jardin en un jardin f\u00e9erique ? Ou vous souhaitez confier votre jardin \u00e0 am\u00e9nager aux mains d\u2019un [&hellip;]","og_url":"https:\/\/nobelpool.be\/nobel-garden\/tuinaanleg\/","og_site_name":"Nobel Pool","twitter_misc":{"Dur\u00e9e de lecture estim\u00e9e":"1 minute"},"schema":{"@context":"https:\/\/schema.org","@graph":[{"@type":"WebPage","@id":"https:\/\/nobelpool.be\/nobel-garden\/tuinaanleg\/","url":"https:\/\/nobelpool.be\/nobel-garden\/tuinaanleg\/","name":"Am\u00e9nagement de jardin - Nobel Pool","isPartOf":{"@id":"https:\/\/nobelpool.be\/#website"},"datePublished":"2011-02-14T12:21:25+00:00","breadcrumb":{"@id":"https:\/\/nobelpool.be\/nobel-garden\/tuinaanleg\/#breadcrumb"},"inLanguage":"fr-FR","potentialAction":[{"@type":"ReadAction","target":["https:\/\/nobelpool.be\/nobel-garden\/tuinaanleg\/"]}]},{"@type":"BreadcrumbList","@id":"https:\/\/nobelpool.be\/nobel-garden\/tuinaanleg\/#breadcrumb","itemListElement":[{"@type":"ListItem","position":1,"name":"Home","item":"https:\/\/nobelpool.be\/fr\/"},{"@type":"ListItem","position":2,"name":"Nobel Garden","item":"https:\/\/nobelpool.be\/fr\/nobel-garden-3\/"},{"@type":"ListItem","position":3,"name":"Am\u00e9nagement de jardin"}]},{"@type":"WebSite","@id":"https:\/\/nobelpool.be\/#website","url":"https:\/\/nobelpool.be\/","name":"Nobel Pool","description":"Construct, Cleaning, Garden","potentialAction":[{"@type":"SearchAction","target":{"@type":"EntryPoint","urlTemplate":"https:\/\/nobelpool.be\/?s={search_term_string}"},"query-input":{"@type":"PropertyValueSpecification","valueRequired":true,"valueName":"search_term_string"}}],"inLanguage":"fr-FR"}]}},"_links":{"self":[{"href":"https:\/\/nobelpool.be\/fr\/wp-json\/wp\/v2\/pages\/408","targetHints":{"allow":["GET"]}}],"collection":[{"href":"https:\/\/nobelpool.be\/fr\/wp-json\/wp\/v2\/pages"}],"about":[{"href":"https:\/\/nobelpool.be\/fr\/wp-json\/wp\/v2\/types\/page"}],"author":[{"embeddable":true,"href":"https:\/\/nobelpool.be\/fr\/wp-json\/wp\/v2\/users\/1"}],"replies":[{"embeddable":true,"href":"https:\/\/nobelpool.be\/fr\/wp-json\/wp\/v2\/comments?post=408"}],"version-history":[{"count":1,"href":"https:\/\/nobelpool.be\/fr\/wp-json\/wp\/v2\/pages\/408\/revisions"}],"predecessor-version":[{"id":409,"href":"https:\/\/nobelpool.be\/fr\/wp-json\/wp\/v2\/pages\/408\/revisions\/409"}],"up":[{"embeddable":true,"href":"https:\/\/nobelpool.be\/fr\/wp-json\/wp\/v2\/pages\/286"}],"wp:attachment":[{"href":"https:\/\/nobelpool.be\/fr\/wp-json\/wp\/v2\/media?parent=408"}],"curies":[{"name":"wp","href":"https:\/\/api.w.org\/{rel}","templated":true}]}}