{"id":413,"date":"2011-02-14T13:23:31","date_gmt":"2011-02-14T12:23:31","guid":{"rendered":"https:\/\/www.nobelpool.be\/"},"modified":"2011-02-14T13:23:31","modified_gmt":"2011-02-14T12:23:31","slug":"terrasses-et-allees","status":"publish","type":"page","link":"https:\/\/nobelpool.be\/fr\/nobel-garden-3\/terrasses-et-allees\/","title":{"rendered":"Terrasses et all\u00e9es"},"content":{"rendered":"<p>ngg_shortcode_0_placeholder<\/p>\n<p>Nobel Pool vous assiste \u00e9galement pour l\u2019environnement de votre piscine\u00a0: terrasses, \u00e9tangs, jacuzzis.<\/p>\n<p>Nous vous proposons un vaste panel de pierres naturelles et de pierres reconstitu\u00e9es, dans diverses dimensions. Optez pour des finitions raffin\u00e9es pour parfaire l\u2019esth\u00e9tique de votre piscine et autres pi\u00e8ces d\u2019eau.<\/p>\n<p>Les terrasses sont am\u00e9nag\u00e9es selon les r\u00e8gles de l\u2019art par de v\u00e9ritables sp\u00e9cialistes. Nous coulons tout d\u2019abord une solide couche de b\u00e9ton, en guise de fondation.<\/p>\n<p>Nobel Pool se fait un plaisir de vous assister dans votre choix et vous propose une infinit\u00e9 de possibilit\u00e9s.<\/p>\n","protected":false},"excerpt":{"rendered":"<p>Nobel Pool vous assiste \u00e9galement pour l\u2019environnement de votre piscine\u00a0: terrasses, \u00e9tangs, jacuzzis. Nous vous proposons un vaste panel de pierres naturelles et de pierres reconstitu\u00e9es, dans diverses dimensions. Optez pour des finitions raffin\u00e9es pour parfaire l\u2019esth\u00e9tique de votre piscine et autres pi\u00e8ces d\u2019eau. Les terrasses sont am\u00e9nag\u00e9es selon les r\u00e8gles de l\u2019art par de [&hellip;]<\/p>\n","protected":false},"author":1,"featured_media":0,"parent":286,"menu_order":1,"comment_status":"open","ping_status":"closed","template":"","meta":{"ngg_post_thumbnail":0,"footnotes":"","_links_to":"","_links_to_target":""},"class_list":["post-413","page","type-page","status-publish","hentry"],"yoast_head":"<!-- This site is optimized with the Yoast SEO plugin v27.4 - https:\/\/yoast.com\/product\/yoast-seo-wordpress\/ -->\n<title>Terrasses et all\u00e9es - Nobel Pool<\/title>\n<meta name=\"robots\" content=\"index, follow, max-snippet:-1, max-image-preview:large, max-video-preview:-1\" \/>\n<link rel=\"canonical\" href=\"https:\/\/nobelpool.be\/nobel-garden\/terrassen-en-opritten\/\" \/>\n<meta property=\"og:locale\" content=\"fr_FR\" \/>\n<meta property=\"og:type\" content=\"article\" \/>\n<meta property=\"og:title\" content=\"Terrasses et all\u00e9es - Nobel Pool\" \/>\n<meta property=\"og:description\" content=\"Nobel Pool vous assiste \u00e9galement pour l\u2019environnement de votre piscine\u00a0: terrasses, \u00e9tangs, jacuzzis. Nous vous proposons un vaste panel de pierres naturelles et de pierres reconstitu\u00e9es, dans diverses dimensions. Optez pour des finitions raffin\u00e9es pour parfaire l\u2019esth\u00e9tique de votre piscine et autres pi\u00e8ces d\u2019eau. Les terrasses sont am\u00e9nag\u00e9es selon les r\u00e8gles de l\u2019art par de [&hellip;]\" \/>\n<meta property=\"og:url\" content=\"https:\/\/nobelpool.be\/nobel-garden\/terrassen-en-opritten\/\" \/>\n<meta property=\"og:site_name\" content=\"Nobel Pool\" \/>\n<meta name=\"twitter:label1\" content=\"Dur\u00e9e de lecture estim\u00e9e\" \/>\n\t<meta name=\"twitter:data1\" content=\"1 minute\" \/>\n<script type=\"application\/ld+json\" class=\"yoast-schema-graph\">{\"@context\":\"https:\\\/\\\/schema.org\",\"@graph\":[{\"@type\":\"WebPage\",\"@id\":\"https:\\\/\\\/nobelpool.be\\\/nobel-garden\\\/terrassen-en-opritten\\\/\",\"url\":\"https:\\\/\\\/nobelpool.be\\\/nobel-garden\\\/terrassen-en-opritten\\\/\",\"name\":\"Terrasses et all\u00e9es - Nobel Pool\",\"isPartOf\":{\"@id\":\"https:\\\/\\\/nobelpool.be\\\/#website\"},\"datePublished\":\"2011-02-14T12:23:31+00:00\",\"breadcrumb\":{\"@id\":\"https:\\\/\\\/nobelpool.be\\\/nobel-garden\\\/terrassen-en-opritten\\\/#breadcrumb\"},\"inLanguage\":\"fr-FR\",\"potentialAction\":[{\"@type\":\"ReadAction\",\"target\":[\"https:\\\/\\\/nobelpool.be\\\/nobel-garden\\\/terrassen-en-opritten\\\/\"]}]},{\"@type\":\"BreadcrumbList\",\"@id\":\"https:\\\/\\\/nobelpool.be\\\/nobel-garden\\\/terrassen-en-opritten\\\/#breadcrumb\",\"itemListElement\":[{\"@type\":\"ListItem\",\"position\":1,\"name\":\"Home\",\"item\":\"https:\\\/\\\/nobelpool.be\\\/fr\\\/\"},{\"@type\":\"ListItem\",\"position\":2,\"name\":\"Nobel Garden\",\"item\":\"https:\\\/\\\/nobelpool.be\\\/fr\\\/nobel-garden-3\\\/\"},{\"@type\":\"ListItem\",\"position\":3,\"name\":\"Terrasses et all\u00e9es\"}]},{\"@type\":\"WebSite\",\"@id\":\"https:\\\/\\\/nobelpool.be\\\/#website\",\"url\":\"https:\\\/\\\/nobelpool.be\\\/\",\"name\":\"Nobel Pool\",\"description\":\"Construct, Cleaning, Garden\",\"potentialAction\":[{\"@type\":\"SearchAction\",\"target\":{\"@type\":\"EntryPoint\",\"urlTemplate\":\"https:\\\/\\\/nobelpool.be\\\/?s={search_term_string}\"},\"query-input\":{\"@type\":\"PropertyValueSpecification\",\"valueRequired\":true,\"valueName\":\"search_term_string\"}}],\"inLanguage\":\"fr-FR\"}]}<\/script>\n<!-- \/ Yoast SEO plugin. -->","yoast_head_json":{"title":"Terrasses et all\u00e9es - Nobel Pool","robots":{"index":"index","follow":"follow","max-snippet":"max-snippet:-1","max-image-preview":"max-image-preview:large","max-video-preview":"max-video-preview:-1"},"canonical":"https:\/\/nobelpool.be\/nobel-garden\/terrassen-en-opritten\/","og_locale":"fr_FR","og_type":"article","og_title":"Terrasses et all\u00e9es - Nobel Pool","og_description":"Nobel Pool vous assiste \u00e9galement pour l\u2019environnement de votre piscine\u00a0: terrasses, \u00e9tangs, jacuzzis. Nous vous proposons un vaste panel de pierres naturelles et de pierres reconstitu\u00e9es, dans diverses dimensions. Optez pour des finitions raffin\u00e9es pour parfaire l\u2019esth\u00e9tique de votre piscine et autres pi\u00e8ces d\u2019eau. Les terrasses sont am\u00e9nag\u00e9es selon les r\u00e8gles de l\u2019art par de [&hellip;]","og_url":"https:\/\/nobelpool.be\/nobel-garden\/terrassen-en-opritten\/","og_site_name":"Nobel Pool","twitter_misc":{"Dur\u00e9e de lecture estim\u00e9e":"1 minute"},"schema":{"@context":"https:\/\/schema.org","@graph":[{"@type":"WebPage","@id":"https:\/\/nobelpool.be\/nobel-garden\/terrassen-en-opritten\/","url":"https:\/\/nobelpool.be\/nobel-garden\/terrassen-en-opritten\/","name":"Terrasses et all\u00e9es - Nobel Pool","isPartOf":{"@id":"https:\/\/nobelpool.be\/#website"},"datePublished":"2011-02-14T12:23:31+00:00","breadcrumb":{"@id":"https:\/\/nobelpool.be\/nobel-garden\/terrassen-en-opritten\/#breadcrumb"},"inLanguage":"fr-FR","potentialAction":[{"@type":"ReadAction","target":["https:\/\/nobelpool.be\/nobel-garden\/terrassen-en-opritten\/"]}]},{"@type":"BreadcrumbList","@id":"https:\/\/nobelpool.be\/nobel-garden\/terrassen-en-opritten\/#breadcrumb","itemListElement":[{"@type":"ListItem","position":1,"name":"Home","item":"https:\/\/nobelpool.be\/fr\/"},{"@type":"ListItem","position":2,"name":"Nobel Garden","item":"https:\/\/nobelpool.be\/fr\/nobel-garden-3\/"},{"@type":"ListItem","position":3,"name":"Terrasses et all\u00e9es"}]},{"@type":"WebSite","@id":"https:\/\/nobelpool.be\/#website","url":"https:\/\/nobelpool.be\/","name":"Nobel Pool","description":"Construct, Cleaning, Garden","potentialAction":[{"@type":"SearchAction","target":{"@type":"EntryPoint","urlTemplate":"https:\/\/nobelpool.be\/?s={search_term_string}"},"query-input":{"@type":"PropertyValueSpecification","valueRequired":true,"valueName":"search_term_string"}}],"inLanguage":"fr-FR"}]}},"_links":{"self":[{"href":"https:\/\/nobelpool.be\/fr\/wp-json\/wp\/v2\/pages\/413","targetHints":{"allow":["GET"]}}],"collection":[{"href":"https:\/\/nobelpool.be\/fr\/wp-json\/wp\/v2\/pages"}],"about":[{"href":"https:\/\/nobelpool.be\/fr\/wp-json\/wp\/v2\/types\/page"}],"author":[{"embeddable":true,"href":"https:\/\/nobelpool.be\/fr\/wp-json\/wp\/v2\/users\/1"}],"replies":[{"embeddable":true,"href":"https:\/\/nobelpool.be\/fr\/wp-json\/wp\/v2\/comments?post=413"}],"version-history":[{"count":1,"href":"https:\/\/nobelpool.be\/fr\/wp-json\/wp\/v2\/pages\/413\/revisions"}],"predecessor-version":[{"id":414,"href":"https:\/\/nobelpool.be\/fr\/wp-json\/wp\/v2\/pages\/413\/revisions\/414"}],"up":[{"embeddable":true,"href":"https:\/\/nobelpool.be\/fr\/wp-json\/wp\/v2\/pages\/286"}],"wp:attachment":[{"href":"https:\/\/nobelpool.be\/fr\/wp-json\/wp\/v2\/media?parent=413"}],"curies":[{"name":"wp","href":"https:\/\/api.w.org\/{rel}","templated":true}]}}