{"id":418,"date":"2011-02-14T13:26:36","date_gmt":"2011-02-14T12:26:36","guid":{"rendered":"https:\/\/www.nobelpool.be\/"},"modified":"2011-02-14T13:26:36","modified_gmt":"2011-02-14T12:26:36","slug":"kits-de-piscine","status":"publish","type":"page","link":"https:\/\/nobelpool.be\/fr\/nobel-garden-3\/kits-de-piscine\/","title":{"rendered":"Kits de piscine"},"content":{"rendered":"<p>ngg_shortcode_0_placeholder<\/p>\n<p>Le concept Gardipool\u00ae repose sur le syst\u00e8me brevet\u00e9 unique d\u2019embo\u00eetement en queue d\u2019aronde. La structure de base est en pin nord-europ\u00e9en impr\u00e9gn\u00e9 de toute premi\u00e8re qualit\u00e9, d\u2019une \u00e9paisseur de 45 mm.<\/p>\n<p>Le syst\u00e8me d\u2019embo\u00eetement est \u00e9quip\u00e9 d\u2019une tige filet\u00e9e en inox qui vous permet de resserrer la construction de la piscine et m\u00eame de la d\u00e9monter enti\u00e8rement.<\/p>\n<p>Il n\u2019y a pas de coins saillants dangereux gr\u00e2ce \u00e0 l\u2019embo\u00eetement en queue d\u2019aronde\u00a0: plus s\u00fbr, tr\u00e8s certainement pour les enfants, cela n\u2019existe pas.<\/p>\n<p>Les bordures de piscine super \u00e9paisses sont clips\u00e9es tout le long \u00e0 la structure de base. Les bordures se pr\u00e9sentent en une seule pi\u00e8ce afin de pr\u00e9venir toute distorsion.<\/p>\n<p>Les bordures sont soutenues par les appuis lat\u00e9raux qui cachent les fixations.<\/p>\n<p>Le raccordement des conduits de l\u2019installation de filtration s\u2019op\u00e8re tr\u00e8s ais\u00e9ment, sans colle ni autre solution.<\/p>\n<p><a href=\"http:\/\/www.gardipool.be\/\">www.gardipool.be<\/a><\/p>\n","protected":false},"excerpt":{"rendered":"<p>Le concept Gardipool\u00ae repose sur le syst\u00e8me brevet\u00e9 unique d\u2019embo\u00eetement en queue d\u2019aronde. La structure de base est en pin nord-europ\u00e9en impr\u00e9gn\u00e9 de toute premi\u00e8re qualit\u00e9, d\u2019une \u00e9paisseur de 45 mm. Le syst\u00e8me d\u2019embo\u00eetement est \u00e9quip\u00e9 d\u2019une tige filet\u00e9e en inox qui vous permet de resserrer la construction de la piscine et m\u00eame de la [&hellip;]<\/p>\n","protected":false},"author":1,"featured_media":0,"parent":286,"menu_order":2,"comment_status":"open","ping_status":"closed","template":"","meta":{"ngg_post_thumbnail":0,"footnotes":"","_links_to":"","_links_to_target":""},"class_list":["post-418","page","type-page","status-publish","hentry"],"yoast_head":"<!-- This site is optimized with the Yoast SEO plugin v27.4 - https:\/\/yoast.com\/product\/yoast-seo-wordpress\/ -->\n<title>Kits de piscine - Nobel Pool<\/title>\n<meta name=\"robots\" content=\"index, follow, max-snippet:-1, max-image-preview:large, max-video-preview:-1\" \/>\n<link rel=\"canonical\" href=\"https:\/\/nobelpool.be\/fr\/nobel-garden-3\/kits-de-piscine\/\" \/>\n<meta property=\"og:locale\" content=\"fr_FR\" \/>\n<meta property=\"og:type\" content=\"article\" \/>\n<meta property=\"og:title\" content=\"Kits de piscine - Nobel Pool\" \/>\n<meta property=\"og:description\" content=\"Le concept Gardipool\u00ae repose sur le syst\u00e8me brevet\u00e9 unique d\u2019embo\u00eetement en queue d\u2019aronde. La structure de base est en pin nord-europ\u00e9en impr\u00e9gn\u00e9 de toute premi\u00e8re qualit\u00e9, d\u2019une \u00e9paisseur de 45 mm. Le syst\u00e8me d\u2019embo\u00eetement est \u00e9quip\u00e9 d\u2019une tige filet\u00e9e en inox qui vous permet de resserrer la construction de la piscine et m\u00eame de la [&hellip;]\" \/>\n<meta property=\"og:url\" content=\"https:\/\/nobelpool.be\/fr\/nobel-garden-3\/kits-de-piscine\/\" \/>\n<meta property=\"og:site_name\" content=\"Nobel Pool\" \/>\n<meta name=\"twitter:label1\" content=\"Dur\u00e9e de lecture estim\u00e9e\" \/>\n\t<meta name=\"twitter:data1\" content=\"1 minute\" \/>\n<script type=\"application\/ld+json\" class=\"yoast-schema-graph\">{\"@context\":\"https:\\\/\\\/schema.org\",\"@graph\":[{\"@type\":\"WebPage\",\"@id\":\"https:\\\/\\\/nobelpool.be\\\/fr\\\/nobel-garden-3\\\/kits-de-piscine\\\/\",\"url\":\"https:\\\/\\\/nobelpool.be\\\/fr\\\/nobel-garden-3\\\/kits-de-piscine\\\/\",\"name\":\"Kits de piscine - Nobel Pool\",\"isPartOf\":{\"@id\":\"https:\\\/\\\/nobelpool.be\\\/#website\"},\"datePublished\":\"2011-02-14T12:26:36+00:00\",\"breadcrumb\":{\"@id\":\"https:\\\/\\\/nobelpool.be\\\/fr\\\/nobel-garden-3\\\/kits-de-piscine\\\/#breadcrumb\"},\"inLanguage\":\"fr-FR\",\"potentialAction\":[{\"@type\":\"ReadAction\",\"target\":[\"https:\\\/\\\/nobelpool.be\\\/fr\\\/nobel-garden-3\\\/kits-de-piscine\\\/\"]}]},{\"@type\":\"BreadcrumbList\",\"@id\":\"https:\\\/\\\/nobelpool.be\\\/fr\\\/nobel-garden-3\\\/kits-de-piscine\\\/#breadcrumb\",\"itemListElement\":[{\"@type\":\"ListItem\",\"position\":1,\"name\":\"Home\",\"item\":\"https:\\\/\\\/nobelpool.be\\\/fr\\\/\"},{\"@type\":\"ListItem\",\"position\":2,\"name\":\"Nobel Garden\",\"item\":\"https:\\\/\\\/nobelpool.be\\\/fr\\\/nobel-garden-3\\\/\"},{\"@type\":\"ListItem\",\"position\":3,\"name\":\"Kits de piscine\"}]},{\"@type\":\"WebSite\",\"@id\":\"https:\\\/\\\/nobelpool.be\\\/#website\",\"url\":\"https:\\\/\\\/nobelpool.be\\\/\",\"name\":\"Nobel Pool\",\"description\":\"Construct, Cleaning, Garden\",\"potentialAction\":[{\"@type\":\"SearchAction\",\"target\":{\"@type\":\"EntryPoint\",\"urlTemplate\":\"https:\\\/\\\/nobelpool.be\\\/?s={search_term_string}\"},\"query-input\":{\"@type\":\"PropertyValueSpecification\",\"valueRequired\":true,\"valueName\":\"search_term_string\"}}],\"inLanguage\":\"fr-FR\"}]}<\/script>\n<!-- \/ Yoast SEO plugin. -->","yoast_head_json":{"title":"Kits de piscine - Nobel Pool","robots":{"index":"index","follow":"follow","max-snippet":"max-snippet:-1","max-image-preview":"max-image-preview:large","max-video-preview":"max-video-preview:-1"},"canonical":"https:\/\/nobelpool.be\/fr\/nobel-garden-3\/kits-de-piscine\/","og_locale":"fr_FR","og_type":"article","og_title":"Kits de piscine - Nobel Pool","og_description":"Le concept Gardipool\u00ae repose sur le syst\u00e8me brevet\u00e9 unique d\u2019embo\u00eetement en queue d\u2019aronde. La structure de base est en pin nord-europ\u00e9en impr\u00e9gn\u00e9 de toute premi\u00e8re qualit\u00e9, d\u2019une \u00e9paisseur de 45 mm. Le syst\u00e8me d\u2019embo\u00eetement est \u00e9quip\u00e9 d\u2019une tige filet\u00e9e en inox qui vous permet de resserrer la construction de la piscine et m\u00eame de la [&hellip;]","og_url":"https:\/\/nobelpool.be\/fr\/nobel-garden-3\/kits-de-piscine\/","og_site_name":"Nobel Pool","twitter_misc":{"Dur\u00e9e de lecture estim\u00e9e":"1 minute"},"schema":{"@context":"https:\/\/schema.org","@graph":[{"@type":"WebPage","@id":"https:\/\/nobelpool.be\/fr\/nobel-garden-3\/kits-de-piscine\/","url":"https:\/\/nobelpool.be\/fr\/nobel-garden-3\/kits-de-piscine\/","name":"Kits de piscine - Nobel Pool","isPartOf":{"@id":"https:\/\/nobelpool.be\/#website"},"datePublished":"2011-02-14T12:26:36+00:00","breadcrumb":{"@id":"https:\/\/nobelpool.be\/fr\/nobel-garden-3\/kits-de-piscine\/#breadcrumb"},"inLanguage":"fr-FR","potentialAction":[{"@type":"ReadAction","target":["https:\/\/nobelpool.be\/fr\/nobel-garden-3\/kits-de-piscine\/"]}]},{"@type":"BreadcrumbList","@id":"https:\/\/nobelpool.be\/fr\/nobel-garden-3\/kits-de-piscine\/#breadcrumb","itemListElement":[{"@type":"ListItem","position":1,"name":"Home","item":"https:\/\/nobelpool.be\/fr\/"},{"@type":"ListItem","position":2,"name":"Nobel Garden","item":"https:\/\/nobelpool.be\/fr\/nobel-garden-3\/"},{"@type":"ListItem","position":3,"name":"Kits de piscine"}]},{"@type":"WebSite","@id":"https:\/\/nobelpool.be\/#website","url":"https:\/\/nobelpool.be\/","name":"Nobel Pool","description":"Construct, Cleaning, Garden","potentialAction":[{"@type":"SearchAction","target":{"@type":"EntryPoint","urlTemplate":"https:\/\/nobelpool.be\/?s={search_term_string}"},"query-input":{"@type":"PropertyValueSpecification","valueRequired":true,"valueName":"search_term_string"}}],"inLanguage":"fr-FR"}]}},"_links":{"self":[{"href":"https:\/\/nobelpool.be\/fr\/wp-json\/wp\/v2\/pages\/418","targetHints":{"allow":["GET"]}}],"collection":[{"href":"https:\/\/nobelpool.be\/fr\/wp-json\/wp\/v2\/pages"}],"about":[{"href":"https:\/\/nobelpool.be\/fr\/wp-json\/wp\/v2\/types\/page"}],"author":[{"embeddable":true,"href":"https:\/\/nobelpool.be\/fr\/wp-json\/wp\/v2\/users\/1"}],"replies":[{"embeddable":true,"href":"https:\/\/nobelpool.be\/fr\/wp-json\/wp\/v2\/comments?post=418"}],"version-history":[{"count":1,"href":"https:\/\/nobelpool.be\/fr\/wp-json\/wp\/v2\/pages\/418\/revisions"}],"predecessor-version":[{"id":419,"href":"https:\/\/nobelpool.be\/fr\/wp-json\/wp\/v2\/pages\/418\/revisions\/419"}],"up":[{"embeddable":true,"href":"https:\/\/nobelpool.be\/fr\/wp-json\/wp\/v2\/pages\/286"}],"wp:attachment":[{"href":"https:\/\/nobelpool.be\/fr\/wp-json\/wp\/v2\/media?parent=418"}],"curies":[{"name":"wp","href":"https:\/\/api.w.org\/{rel}","templated":true}]}}