{"id":423,"date":"2011-02-14T13:28:51","date_gmt":"2011-02-14T12:28:51","guid":{"rendered":"https:\/\/www.nobelpool.be\/"},"modified":"2011-02-14T13:28:51","modified_gmt":"2011-02-14T12:28:51","slug":"etangs-et-cascades","status":"publish","type":"page","link":"https:\/\/nobelpool.be\/fr\/nobel-garden-3\/etangs-et-cascades\/","title":{"rendered":"\u00c9tangs et cascades"},"content":{"rendered":"<p>ngg_shortcode_0_placeholder<\/p>\n<p>Agr\u00e9mentez votre jardin de pi\u00e8ces d\u2019eau. Promenez-vous le long de votre \u00e9tang, relaxez-vous au clapotement d\u2019une cascade. Tout est possible pour cr\u00e9er une ambiance tr\u00e8s particuli\u00e8re dans votre jardin. Nobel Pool imagine et con\u00e7oit pour vous un v\u00e9ritable havre de paix, que votre terrain soit plat ou pr\u00e9sente des d\u00e9nivel\u00e9s.<\/p>\n<p>Les pi\u00e8ces d\u2019eau ont leur propre syst\u00e8me de filtration. L\u2019eau peut \u00e9galement \u00eatre trait\u00e9e de fa\u00e7on naturelle par le biais de plantes oxyg\u00e9nantes. Vous pouvez par ailleurs agr\u00e9menter votre \u00e9tang d\u2019un \u00e9clairage ou de galets et de roche.<\/p>\n<p>N\u2019h\u00e9sitez-pas \u00e0 nous contacter : faites-nous part de vos plans et nous vous aiderons \u00e0 concr\u00e9tiser votre r\u00eave gr\u00e2ce \u00e0 nos 30 ann\u00e9es d\u2019exp\u00e9rience.<\/p>\n","protected":false},"excerpt":{"rendered":"<p>Agr\u00e9mentez votre jardin de pi\u00e8ces d\u2019eau. Promenez-vous le long de votre \u00e9tang, relaxez-vous au clapotement d\u2019une cascade. Tout est possible pour cr\u00e9er une ambiance tr\u00e8s particuli\u00e8re dans votre jardin. Nobel Pool imagine et con\u00e7oit pour vous un v\u00e9ritable havre de paix, que votre terrain soit plat ou pr\u00e9sente des d\u00e9nivel\u00e9s. Les pi\u00e8ces d\u2019eau ont leur [&hellip;]<\/p>\n","protected":false},"author":1,"featured_media":0,"parent":286,"menu_order":3,"comment_status":"open","ping_status":"closed","template":"","meta":{"ngg_post_thumbnail":0,"footnotes":"","_links_to":"","_links_to_target":""},"class_list":["post-423","page","type-page","status-publish","hentry"],"yoast_head":"<!-- This site is optimized with the Yoast SEO plugin v27.4 - https:\/\/yoast.com\/product\/yoast-seo-wordpress\/ -->\n<title>\u00c9tangs et cascades - Nobel Pool<\/title>\n<meta name=\"robots\" content=\"index, follow, max-snippet:-1, max-image-preview:large, max-video-preview:-1\" \/>\n<link rel=\"canonical\" href=\"https:\/\/nobelpool.be\/nobel-garden\/vijvers-en-watervallen\/\" \/>\n<meta property=\"og:locale\" content=\"fr_FR\" \/>\n<meta property=\"og:type\" content=\"article\" \/>\n<meta property=\"og:title\" content=\"\u00c9tangs et cascades - Nobel Pool\" \/>\n<meta property=\"og:description\" content=\"Agr\u00e9mentez votre jardin de pi\u00e8ces d\u2019eau. Promenez-vous le long de votre \u00e9tang, relaxez-vous au clapotement d\u2019une cascade. Tout est possible pour cr\u00e9er une ambiance tr\u00e8s particuli\u00e8re dans votre jardin. Nobel Pool imagine et con\u00e7oit pour vous un v\u00e9ritable havre de paix, que votre terrain soit plat ou pr\u00e9sente des d\u00e9nivel\u00e9s. Les pi\u00e8ces d\u2019eau ont leur [&hellip;]\" \/>\n<meta property=\"og:url\" content=\"https:\/\/nobelpool.be\/nobel-garden\/vijvers-en-watervallen\/\" \/>\n<meta property=\"og:site_name\" content=\"Nobel Pool\" \/>\n<meta name=\"twitter:label1\" content=\"Dur\u00e9e de lecture estim\u00e9e\" \/>\n\t<meta name=\"twitter:data1\" content=\"1 minute\" \/>\n<script type=\"application\/ld+json\" class=\"yoast-schema-graph\">{\"@context\":\"https:\\\/\\\/schema.org\",\"@graph\":[{\"@type\":\"WebPage\",\"@id\":\"https:\\\/\\\/nobelpool.be\\\/nobel-garden\\\/vijvers-en-watervallen\\\/\",\"url\":\"https:\\\/\\\/nobelpool.be\\\/nobel-garden\\\/vijvers-en-watervallen\\\/\",\"name\":\"\u00c9tangs et cascades - Nobel Pool\",\"isPartOf\":{\"@id\":\"https:\\\/\\\/nobelpool.be\\\/#website\"},\"datePublished\":\"2011-02-14T12:28:51+00:00\",\"breadcrumb\":{\"@id\":\"https:\\\/\\\/nobelpool.be\\\/nobel-garden\\\/vijvers-en-watervallen\\\/#breadcrumb\"},\"inLanguage\":\"fr-FR\",\"potentialAction\":[{\"@type\":\"ReadAction\",\"target\":[\"https:\\\/\\\/nobelpool.be\\\/nobel-garden\\\/vijvers-en-watervallen\\\/\"]}]},{\"@type\":\"BreadcrumbList\",\"@id\":\"https:\\\/\\\/nobelpool.be\\\/nobel-garden\\\/vijvers-en-watervallen\\\/#breadcrumb\",\"itemListElement\":[{\"@type\":\"ListItem\",\"position\":1,\"name\":\"Home\",\"item\":\"https:\\\/\\\/nobelpool.be\\\/fr\\\/\"},{\"@type\":\"ListItem\",\"position\":2,\"name\":\"Nobel Garden\",\"item\":\"https:\\\/\\\/nobelpool.be\\\/fr\\\/nobel-garden-3\\\/\"},{\"@type\":\"ListItem\",\"position\":3,\"name\":\"\u00c9tangs et cascades\"}]},{\"@type\":\"WebSite\",\"@id\":\"https:\\\/\\\/nobelpool.be\\\/#website\",\"url\":\"https:\\\/\\\/nobelpool.be\\\/\",\"name\":\"Nobel Pool\",\"description\":\"Construct, Cleaning, Garden\",\"potentialAction\":[{\"@type\":\"SearchAction\",\"target\":{\"@type\":\"EntryPoint\",\"urlTemplate\":\"https:\\\/\\\/nobelpool.be\\\/?s={search_term_string}\"},\"query-input\":{\"@type\":\"PropertyValueSpecification\",\"valueRequired\":true,\"valueName\":\"search_term_string\"}}],\"inLanguage\":\"fr-FR\"}]}<\/script>\n<!-- \/ Yoast SEO plugin. -->","yoast_head_json":{"title":"\u00c9tangs et cascades - Nobel Pool","robots":{"index":"index","follow":"follow","max-snippet":"max-snippet:-1","max-image-preview":"max-image-preview:large","max-video-preview":"max-video-preview:-1"},"canonical":"https:\/\/nobelpool.be\/nobel-garden\/vijvers-en-watervallen\/","og_locale":"fr_FR","og_type":"article","og_title":"\u00c9tangs et cascades - Nobel Pool","og_description":"Agr\u00e9mentez votre jardin de pi\u00e8ces d\u2019eau. Promenez-vous le long de votre \u00e9tang, relaxez-vous au clapotement d\u2019une cascade. Tout est possible pour cr\u00e9er une ambiance tr\u00e8s particuli\u00e8re dans votre jardin. Nobel Pool imagine et con\u00e7oit pour vous un v\u00e9ritable havre de paix, que votre terrain soit plat ou pr\u00e9sente des d\u00e9nivel\u00e9s. Les pi\u00e8ces d\u2019eau ont leur [&hellip;]","og_url":"https:\/\/nobelpool.be\/nobel-garden\/vijvers-en-watervallen\/","og_site_name":"Nobel Pool","twitter_misc":{"Dur\u00e9e de lecture estim\u00e9e":"1 minute"},"schema":{"@context":"https:\/\/schema.org","@graph":[{"@type":"WebPage","@id":"https:\/\/nobelpool.be\/nobel-garden\/vijvers-en-watervallen\/","url":"https:\/\/nobelpool.be\/nobel-garden\/vijvers-en-watervallen\/","name":"\u00c9tangs et cascades - Nobel Pool","isPartOf":{"@id":"https:\/\/nobelpool.be\/#website"},"datePublished":"2011-02-14T12:28:51+00:00","breadcrumb":{"@id":"https:\/\/nobelpool.be\/nobel-garden\/vijvers-en-watervallen\/#breadcrumb"},"inLanguage":"fr-FR","potentialAction":[{"@type":"ReadAction","target":["https:\/\/nobelpool.be\/nobel-garden\/vijvers-en-watervallen\/"]}]},{"@type":"BreadcrumbList","@id":"https:\/\/nobelpool.be\/nobel-garden\/vijvers-en-watervallen\/#breadcrumb","itemListElement":[{"@type":"ListItem","position":1,"name":"Home","item":"https:\/\/nobelpool.be\/fr\/"},{"@type":"ListItem","position":2,"name":"Nobel Garden","item":"https:\/\/nobelpool.be\/fr\/nobel-garden-3\/"},{"@type":"ListItem","position":3,"name":"\u00c9tangs et cascades"}]},{"@type":"WebSite","@id":"https:\/\/nobelpool.be\/#website","url":"https:\/\/nobelpool.be\/","name":"Nobel Pool","description":"Construct, Cleaning, Garden","potentialAction":[{"@type":"SearchAction","target":{"@type":"EntryPoint","urlTemplate":"https:\/\/nobelpool.be\/?s={search_term_string}"},"query-input":{"@type":"PropertyValueSpecification","valueRequired":true,"valueName":"search_term_string"}}],"inLanguage":"fr-FR"}]}},"_links":{"self":[{"href":"https:\/\/nobelpool.be\/fr\/wp-json\/wp\/v2\/pages\/423","targetHints":{"allow":["GET"]}}],"collection":[{"href":"https:\/\/nobelpool.be\/fr\/wp-json\/wp\/v2\/pages"}],"about":[{"href":"https:\/\/nobelpool.be\/fr\/wp-json\/wp\/v2\/types\/page"}],"author":[{"embeddable":true,"href":"https:\/\/nobelpool.be\/fr\/wp-json\/wp\/v2\/users\/1"}],"replies":[{"embeddable":true,"href":"https:\/\/nobelpool.be\/fr\/wp-json\/wp\/v2\/comments?post=423"}],"version-history":[{"count":1,"href":"https:\/\/nobelpool.be\/fr\/wp-json\/wp\/v2\/pages\/423\/revisions"}],"predecessor-version":[{"id":424,"href":"https:\/\/nobelpool.be\/fr\/wp-json\/wp\/v2\/pages\/423\/revisions\/424"}],"up":[{"embeddable":true,"href":"https:\/\/nobelpool.be\/fr\/wp-json\/wp\/v2\/pages\/286"}],"wp:attachment":[{"href":"https:\/\/nobelpool.be\/fr\/wp-json\/wp\/v2\/media?parent=423"}],"curies":[{"name":"wp","href":"https:\/\/api.w.org\/{rel}","templated":true}]}}